{"id":6323,"date":"2018-07-12T13:23:16","date_gmt":"2018-07-12T11:23:16","guid":{"rendered":"https:\/\/www.arredojolly.com\/storie\/"},"modified":"2021-06-21T14:54:10","modified_gmt":"2021-06-21T12:54:10","slug":"histories","status":"publish","type":"page","link":"https:\/\/www.arredojolly.com\/fr\/histories\/","title":{"rendered":"Histories"},"content":{"rendered":"<div class=\"wpb-content-wrapper\"><p>[vc_row row_content_width=\u00a0\u00bbgrid\u00a0\u00bb][vc_column css=\u00a0\u00bb.vc_custom_1624001613377{padding-right: 10% !important;padding-left: 10% !important;}\u00a0\u00bb][vc_empty_space]<div class=\"eltdf-portfolio-list-holder eltdf-grid-list eltdf-grid-masonry-list eltdf-disable-bottom-space eltdf-pl-masonry eltdf-two-columns eltdf-huge-space eltdf-pl-standard-switch-images    eltdf-pl-pag-no-pagination  eltdf-pl-has-article-loading-animation    eltdf-scattered-offset-big eltdf-scattered-images\"  data-type=masonry data-scattered-offset=big data-number-of-columns=two data-space-between-items=huge data-number-of-items=-1 data-image-proportions=full data-enable-fixed-proportions=no data-enable-image-shadow=no data-orderby=date data-order=DESC data-item-style=standard-switch-images data-enable-title=yes data-title-tag=h3 data-enable-category=yes data-enable-count-images=yes data-enable-excerpt=no data-excerpt-length=20 data-pagination-type=no-pagination data-filter=no data-filter-order-by=name data-additional-effects=article-loading-animation data-portfolio-slider-on=no data-enable-loop=yes data-enable-autoplay=yes data-slider-speed=5000 data-slider-speed-animation=600 data-enable-navigation=yes data-enable-pagination=yes data-enable-list-title=no data-list-title-tag=h1 data-scattered=1 data-additional-class=eltdf-scattered-images data-max-num-pages=0 data-next-page=2>\n\t\t<div class=\"eltdf-pl-inner eltdf-outer-space eltdf-masonry-list-wrapper clearfix\">\n\t\t<div class=\"eltdf-masonry-grid-sizer\"><\/div>\n\t\t<div class=\"eltdf-masonry-grid-gutter\"><\/div>\n        \t\t<article class=\"eltdf-pl-item eltdf-item-space eltdf-pl-no-switch-image  post-8684 portfolio-item type-portfolio-item status-publish has-post-thumbnail hentry portfolio-category-residentiel\">\n\t<div class=\"eltdf-pl-item-inner\" >\n\t\t<div class=\"eltdf-pli-image\">\n\t\t\t<img loading=\"lazy\" decoding=\"async\" width=\"519\" height=\"530\" src=\"https:\/\/www.arredojolly.com\/wp-content\/uploads\/2024\/11\/appartamento-intra-arredo-jolly-1.png\" class=\"attachment-full size-full wp-post-image\" alt=\"\" srcset=\"https:\/\/www.arredojolly.com\/wp-content\/uploads\/2024\/11\/appartamento-intra-arredo-jolly-1.png 519w, https:\/\/www.arredojolly.com\/wp-content\/uploads\/2024\/11\/appartamento-intra-arredo-jolly-1-294x300.png 294w\" sizes=\"(max-width: 519px) 100vw, 519px\" \/>\t\n    <\/div>\n<div class=\"eltdf-pli-text-holder\" >\n\t<div class=\"eltdf-pli-text-wrapper\">\n\t\t<div class=\"eltdf-pli-text\">\n\t\t\t\t\t<div class=\"eltdf-pli-category-holder\">\n\t\t\t\t\t\t\t<a itemprop=\"url\" class=\"eltdf-pli-category\" href=\"https:\/\/www.arredojolly.com\/fr\/portfolio-category\/residentiel\/\">R\u00e9sidentiel<\/a>\n\t\t\t\t\t<\/div>\n\t\n\t\t\t\t<h3 itemprop=\"name\" class=\"eltdf-pli-title entry-title\" >\n\t\t<span class=\"eltdf-pli-title-inner\">\n\t\t\tUn joyau cach\u00e9 au c\u0153ur du centre historique\t\t<\/span>\n\t<\/h3>\n\n\t\t\t\t\t\t\n\t\t\t\t\t<\/div>\n\t<\/div>\n<\/div>\n        <a itemprop=\"url\" class=\"eltdf-pli-link eltdf-block-drag-link\" href=\"https:\/\/www.arredojolly.com\/fr\/progetti\/un-joyau-cache-au-coeur-du-centre-historique\/\" target=\"_self\"><\/a>\n\t<\/div>\n<\/article><article class=\"eltdf-pl-item eltdf-item-space eltdf-pl-no-switch-image  post-8151 portfolio-item type-portfolio-item status-publish has-post-thumbnail hentry portfolio-category-commercial-fr\">\n\t<div class=\"eltdf-pl-item-inner\" >\n\t\t<div class=\"eltdf-pli-image\">\n\t\t\t<img loading=\"lazy\" decoding=\"async\" width=\"519\" height=\"530\" src=\"https:\/\/www.arredojolly.com\/wp-content\/uploads\/2024\/05\/margherita-garden-dino-hotel-arredo-jolly-copia.png\" class=\"attachment-full size-full wp-post-image\" alt=\"\" srcset=\"https:\/\/www.arredojolly.com\/wp-content\/uploads\/2024\/05\/margherita-garden-dino-hotel-arredo-jolly-copia.png 519w, https:\/\/www.arredojolly.com\/wp-content\/uploads\/2024\/05\/margherita-garden-dino-hotel-arredo-jolly-copia-294x300.png 294w\" sizes=\"(max-width: 519px) 100vw, 519px\" \/>\t\n    <\/div>\n<div class=\"eltdf-pli-text-holder\" >\n\t<div class=\"eltdf-pli-text-wrapper\">\n\t\t<div class=\"eltdf-pli-text\">\n\t\t\t\t\t<div class=\"eltdf-pli-category-holder\">\n\t\t\t\t\t\t\t<a itemprop=\"url\" class=\"eltdf-pli-category\" href=\"https:\/\/www.arredojolly.com\/fr\/portfolio-category\/commercial-fr\/\">Commercial<\/a>\n\t\t\t\t\t<\/div>\n\t\n\t\t\t\t<h3 itemprop=\"name\" class=\"eltdf-pli-title entry-title\" >\n\t\t<span class=\"eltdf-pli-title-inner\">\n\t\t\tLe jardin Margherita, une oasis de d\u00e9tente au Grand H\u00f4tel Dino\t\t<\/span>\n\t<\/h3>\n\n\t\t\t\t\t\t\n\t\t\t\t\t<\/div>\n\t<\/div>\n<\/div>\n        <a itemprop=\"url\" class=\"eltdf-pli-link eltdf-block-drag-link\" href=\"https:\/\/www.arredojolly.com\/fr\/progetti\/le-jardin-margherita-une-oasis-de-detente-au-grand-hotel-dino\/\" target=\"_self\"><\/a>\n\t<\/div>\n<\/article><article class=\"eltdf-pl-item eltdf-item-space eltdf-pl-no-switch-image  post-8034 portfolio-item type-portfolio-item status-publish has-post-thumbnail hentry portfolio-category-commercial-fr\">\n\t<div class=\"eltdf-pl-item-inner\" >\n\t\t<div class=\"eltdf-pli-image\">\n\t\t\t<img loading=\"lazy\" decoding=\"async\" width=\"519\" height=\"530\" src=\"https:\/\/www.arredojolly.com\/wp-content\/uploads\/2024\/04\/arredo-jolly-boutique-hotel-s-a.jpg\" class=\"attachment-full size-full wp-post-image\" alt=\"\" srcset=\"https:\/\/www.arredojolly.com\/wp-content\/uploads\/2024\/04\/arredo-jolly-boutique-hotel-s-a.jpg 519w, https:\/\/www.arredojolly.com\/wp-content\/uploads\/2024\/04\/arredo-jolly-boutique-hotel-s-a-294x300.jpg 294w\" sizes=\"(max-width: 519px) 100vw, 519px\" \/>\t\n    <\/div>\n<div class=\"eltdf-pli-text-holder\" >\n\t<div class=\"eltdf-pli-text-wrapper\">\n\t\t<div class=\"eltdf-pli-text\">\n\t\t\t\t\t<div class=\"eltdf-pli-category-holder\">\n\t\t\t\t\t\t\t<a itemprop=\"url\" class=\"eltdf-pli-category\" href=\"https:\/\/www.arredojolly.com\/fr\/portfolio-category\/commercial-fr\/\">Commercial<\/a>\n\t\t\t\t\t<\/div>\n\t\n\t\t\t\t<h3 itemprop=\"name\" class=\"eltdf-pli-title entry-title\" >\n\t\t<span class=\"eltdf-pli-title-inner\">\n\t\t\tDu r\u00eave \u00e0 la r\u00e9alit\u00e9 : la cr\u00e9ation d&rsquo;un h\u00f4tel-boutique \u00e0 Stresa, sur le lac Majeur\t\t<\/span>\n\t<\/h3>\n\n\t\t\t\t\t\t\n\t\t\t\t\t<\/div>\n\t<\/div>\n<\/div>\n        <a itemprop=\"url\" class=\"eltdf-pli-link eltdf-block-drag-link\" href=\"https:\/\/www.arredojolly.com\/fr\/progetti\/du-reve-a-la-realite-la-creation-dun-hotel-boutique-a-stresa-sur-le-lac-majeur\/\" target=\"_self\"><\/a>\n\t<\/div>\n<\/article><article class=\"eltdf-pl-item eltdf-item-space eltdf-pl-no-switch-image  post-7245 portfolio-item type-portfolio-item status-publish has-post-thumbnail hentry portfolio-category-residentiel\">\n\t<div class=\"eltdf-pl-item-inner\" >\n\t\t<div class=\"eltdf-pli-image\">\n\t\t\t<img loading=\"lazy\" decoding=\"async\" width=\"519\" height=\"530\" src=\"https:\/\/www.arredojolly.com\/wp-content\/uploads\/2021\/05\/arredo-jolly-ristruttuazione-moderna.png\" class=\"attachment-full size-full wp-post-image\" alt=\"\" srcset=\"https:\/\/www.arredojolly.com\/wp-content\/uploads\/2021\/05\/arredo-jolly-ristruttuazione-moderna.png 519w, https:\/\/www.arredojolly.com\/wp-content\/uploads\/2021\/05\/arredo-jolly-ristruttuazione-moderna-294x300.png 294w\" sizes=\"(max-width: 519px) 100vw, 519px\" \/>\t\n    <\/div>\n<div class=\"eltdf-pli-text-holder\" >\n\t<div class=\"eltdf-pli-text-wrapper\">\n\t\t<div class=\"eltdf-pli-text\">\n\t\t\t\t\t<div class=\"eltdf-pli-category-holder\">\n\t\t\t\t\t\t\t<a itemprop=\"url\" class=\"eltdf-pli-category\" href=\"https:\/\/www.arredojolly.com\/fr\/portfolio-category\/residentiel\/\">R\u00e9sidentiel<\/a>\n\t\t\t\t\t<\/div>\n\t\n\t\t\t\t<h3 itemprop=\"name\" class=\"eltdf-pli-title entry-title\" >\n\t\t<span class=\"eltdf-pli-title-inner\">\n\t\t\tMaquillage moderne\t\t<\/span>\n\t<\/h3>\n\n\t\t\t\t\t\t\n\t\t\t\t\t<\/div>\n\t<\/div>\n<\/div>\n        <a itemprop=\"url\" class=\"eltdf-pli-link eltdf-block-drag-link\" href=\"https:\/\/www.arredojolly.com\/fr\/progetti\/maquillage-moderne-3\/\" target=\"_self\"><\/a>\n\t<\/div>\n<\/article><article class=\"eltdf-pl-item eltdf-item-space eltdf-pl-no-switch-image  post-7131 portfolio-item type-portfolio-item status-publish has-post-thumbnail hentry portfolio-category-commercial-fr\">\n\t<div class=\"eltdf-pl-item-inner\" >\n\t\t<div class=\"eltdf-pli-image\">\n\t\t\t<img loading=\"lazy\" decoding=\"async\" width=\"519\" height=\"530\" src=\"https:\/\/www.arredojolly.com\/wp-content\/uploads\/2021\/02\/arredo-jolly-ufficio-2021.png\" class=\"attachment-full size-full wp-post-image\" alt=\"\" srcset=\"https:\/\/www.arredojolly.com\/wp-content\/uploads\/2021\/02\/arredo-jolly-ufficio-2021.png 519w, https:\/\/www.arredojolly.com\/wp-content\/uploads\/2021\/02\/arredo-jolly-ufficio-2021-294x300.png 294w\" sizes=\"(max-width: 519px) 100vw, 519px\" \/>\t\n    <\/div>\n<div class=\"eltdf-pli-text-holder\" >\n\t<div class=\"eltdf-pli-text-wrapper\">\n\t\t<div class=\"eltdf-pli-text\">\n\t\t\t\t\t<div class=\"eltdf-pli-category-holder\">\n\t\t\t\t\t\t\t<a itemprop=\"url\" class=\"eltdf-pli-category\" href=\"https:\/\/www.arredojolly.com\/fr\/portfolio-category\/commercial-fr\/\">Commercial<\/a>\n\t\t\t\t\t<\/div>\n\t\n\t\t\t\t<h3 itemprop=\"name\" class=\"eltdf-pli-title entry-title\" >\n\t\t<span class=\"eltdf-pli-title-inner\">\n\t\t\tBlack and white: un jeu entre clair-obscur et entre pass\u00e9 et futur\t\t<\/span>\n\t<\/h3>\n\n\t\t\t\t\t\t\n\t\t\t\t\t<\/div>\n\t<\/div>\n<\/div>\n        <a itemprop=\"url\" class=\"eltdf-pli-link eltdf-block-drag-link\" href=\"https:\/\/www.arredojolly.com\/fr\/progetti\/black-and-white-un-jeu-entre-clair-obscur-et-entre-passe-et-futur\/\" target=\"_self\"><\/a>\n\t<\/div>\n<\/article><article class=\"eltdf-pl-item eltdf-item-space eltdf-pl-no-switch-image  post-6615 portfolio-item type-portfolio-item status-publish has-post-thumbnail hentry portfolio-category-residentiel\">\n\t<div class=\"eltdf-pl-item-inner\" >\n\t\t<div class=\"eltdf-pli-image\">\n\t\t\t<img loading=\"lazy\" decoding=\"async\" width=\"667\" height=\"530\" src=\"https:\/\/www.arredojolly.com\/wp-content\/uploads\/2020\/10\/arredo-jolly-villa-gavazzeni-a1.png\" class=\"attachment-full size-full wp-post-image\" alt=\"\" srcset=\"https:\/\/www.arredojolly.com\/wp-content\/uploads\/2020\/10\/arredo-jolly-villa-gavazzeni-a1.png 667w, https:\/\/www.arredojolly.com\/wp-content\/uploads\/2020\/10\/arredo-jolly-villa-gavazzeni-a1-300x238.png 300w\" sizes=\"(max-width: 667px) 100vw, 667px\" \/>\t\n    <\/div>\n<div class=\"eltdf-pli-text-holder\" >\n\t<div class=\"eltdf-pli-text-wrapper\">\n\t\t<div class=\"eltdf-pli-text\">\n\t\t\t\t\t<div class=\"eltdf-pli-category-holder\">\n\t\t\t\t\t\t\t<a itemprop=\"url\" class=\"eltdf-pli-category\" href=\"https:\/\/www.arredojolly.com\/fr\/portfolio-category\/residentiel\/\">R\u00e9sidentiel<\/a>\n\t\t\t\t\t<\/div>\n\t\n\t\t\t\t<h3 itemprop=\"name\" class=\"eltdf-pli-title entry-title\" >\n\t\t<span class=\"eltdf-pli-title-inner\">\n\t\t\tRetour aux splendeurs anciennes de 1900\t\t<\/span>\n\t<\/h3>\n\n\t\t\t\t\t\t\n\t\t\t\t\t<\/div>\n\t<\/div>\n<\/div>\n        <a itemprop=\"url\" class=\"eltdf-pli-link eltdf-block-drag-link\" href=\"https:\/\/www.arredojolly.com\/fr\/progetti\/retour-aux-splendeurs-anciennes-de-1900\/\" target=\"_self\"><\/a>\n\t<\/div>\n<\/article><article class=\"eltdf-pl-item eltdf-item-space eltdf-pl-no-switch-image  post-6335 portfolio-item type-portfolio-item status-publish has-post-thumbnail hentry portfolio-category-commercial-fr\">\n\t<div class=\"eltdf-pl-item-inner\" >\n\t\t<div class=\"eltdf-pli-image\">\n\t\t\t<img loading=\"lazy\" decoding=\"async\" width=\"519\" height=\"530\" src=\"https:\/\/www.arredojolly.com\/wp-content\/uploads\/2020\/07\/arredo-jolly-villa-gavazzeni-2.png\" class=\"attachment-full size-full wp-post-image\" alt=\"pavimento in legno con dettaglio all&#039;interno di una camera dell&#039;Hotel Elvezia a Cannobio sul Lago Maggiore\" srcset=\"https:\/\/www.arredojolly.com\/wp-content\/uploads\/2020\/07\/arredo-jolly-villa-gavazzeni-2.png 519w, https:\/\/www.arredojolly.com\/wp-content\/uploads\/2020\/07\/arredo-jolly-villa-gavazzeni-2-294x300.png 294w\" sizes=\"(max-width: 519px) 100vw, 519px\" \/>\t\n    <\/div>\n<div class=\"eltdf-pli-text-holder\" >\n\t<div class=\"eltdf-pli-text-wrapper\">\n\t\t<div class=\"eltdf-pli-text\">\n\t\t\t\t\t<div class=\"eltdf-pli-category-holder\">\n\t\t\t\t\t\t\t<a itemprop=\"url\" class=\"eltdf-pli-category\" href=\"https:\/\/www.arredojolly.com\/fr\/portfolio-category\/commercial-fr\/\">Commercial<\/a>\n\t\t\t\t\t<\/div>\n\t\n\t\t\t\t<h3 itemprop=\"name\" class=\"eltdf-pli-title entry-title\" >\n\t\t<span class=\"eltdf-pli-title-inner\">\n\t\t\tUne perle dans le centre historique\t\t<\/span>\n\t<\/h3>\n\n\t\t\t\t\t\t\n\t\t\t\t\t<\/div>\n\t<\/div>\n<\/div>\n        <a itemprop=\"url\" class=\"eltdf-pli-link eltdf-block-drag-link\" href=\"https:\/\/www.arredojolly.com\/fr\/progetti\/une-perle-dans-le-centre-historique\/\" target=\"_self\"><\/a>\n\t<\/div>\n<\/article><article class=\"eltdf-pl-item eltdf-item-space eltdf-pl-no-switch-image  post-6333 portfolio-item type-portfolio-item status-publish has-post-thumbnail hentry portfolio-category-residentiel\">\n\t<div class=\"eltdf-pl-item-inner\" >\n\t\t<div class=\"eltdf-pli-image\">\n\t\t\t<img loading=\"lazy\" decoding=\"async\" width=\"519\" height=\"530\" src=\"https:\/\/www.arredojolly.com\/wp-content\/uploads\/2019\/12\/arredo-jolly-villa-stresa-a.jpg\" class=\"attachment-full size-full wp-post-image\" alt=\"\" srcset=\"https:\/\/www.arredojolly.com\/wp-content\/uploads\/2019\/12\/arredo-jolly-villa-stresa-a.jpg 519w, https:\/\/www.arredojolly.com\/wp-content\/uploads\/2019\/12\/arredo-jolly-villa-stresa-a-294x300.jpg 294w\" sizes=\"(max-width: 519px) 100vw, 519px\" \/>\t\n    <\/div>\n<div class=\"eltdf-pli-text-holder\" >\n\t<div class=\"eltdf-pli-text-wrapper\">\n\t\t<div class=\"eltdf-pli-text\">\n\t\t\t\t\t<div class=\"eltdf-pli-category-holder\">\n\t\t\t\t\t\t\t<a itemprop=\"url\" class=\"eltdf-pli-category\" href=\"https:\/\/www.arredojolly.com\/fr\/portfolio-category\/residentiel\/\">R\u00e9sidentiel<\/a>\n\t\t\t\t\t<\/div>\n\t\n\t\t\t\t<h3 itemprop=\"name\" class=\"eltdf-pli-title entry-title\" >\n\t\t<span class=\"eltdf-pli-title-inner\">\n\t\t\tMaisons de r\u00eave\t\t<\/span>\n\t<\/h3>\n\n\t\t\t\t\t\t\n\t\t\t\t\t<\/div>\n\t<\/div>\n<\/div>\n        <a itemprop=\"url\" class=\"eltdf-pli-link eltdf-block-drag-link\" href=\"https:\/\/www.arredojolly.com\/fr\/progetti\/maisons-de-reve\/\" target=\"_self\"><\/a>\n\t<\/div>\n<\/article><article class=\"eltdf-pl-item eltdf-item-space eltdf-pl-no-switch-image  post-6331 portfolio-item type-portfolio-item status-publish has-post-thumbnail hentry portfolio-category-residentiel\">\n\t<div class=\"eltdf-pl-item-inner\" >\n\t\t<div class=\"eltdf-pli-image\">\n\t\t\t<img loading=\"lazy\" decoding=\"async\" width=\"519\" height=\"530\" src=\"https:\/\/www.arredojolly.com\/wp-content\/uploads\/2019\/11\/arredo-jolly-villa-moderna-a.jpg\" class=\"attachment-full size-full wp-post-image\" alt=\"\" srcset=\"https:\/\/www.arredojolly.com\/wp-content\/uploads\/2019\/11\/arredo-jolly-villa-moderna-a.jpg 519w, https:\/\/www.arredojolly.com\/wp-content\/uploads\/2019\/11\/arredo-jolly-villa-moderna-a-294x300.jpg 294w\" sizes=\"(max-width: 519px) 100vw, 519px\" \/>\t\n    <\/div>\n<div class=\"eltdf-pli-text-holder\" >\n\t<div class=\"eltdf-pli-text-wrapper\">\n\t\t<div class=\"eltdf-pli-text\">\n\t\t\t\t\t<div class=\"eltdf-pli-category-holder\">\n\t\t\t\t\t\t\t<a itemprop=\"url\" class=\"eltdf-pli-category\" href=\"https:\/\/www.arredojolly.com\/fr\/portfolio-category\/residentiel\/\">R\u00e9sidentiel<\/a>\n\t\t\t\t\t<\/div>\n\t\n\t\t\t\t<h3 itemprop=\"name\" class=\"eltdf-pli-title entry-title\" >\n\t\t<span class=\"eltdf-pli-title-inner\">\n\t\t\tMaquillage moderne\t\t<\/span>\n\t<\/h3>\n\n\t\t\t\t\t\t\n\t\t\t\t\t<\/div>\n\t<\/div>\n<\/div>\n        <a itemprop=\"url\" class=\"eltdf-pli-link eltdf-block-drag-link\" href=\"https:\/\/www.arredojolly.com\/fr\/progetti\/maquillage-moderne\/\" target=\"_self\"><\/a>\n\t<\/div>\n<\/article><article class=\"eltdf-pl-item eltdf-item-space eltdf-pl-no-switch-image  post-6329 portfolio-item type-portfolio-item status-publish has-post-thumbnail hentry portfolio-category-residentiel\">\n\t<div class=\"eltdf-pl-item-inner\" >\n\t\t<div class=\"eltdf-pli-image\">\n\t\t\t<img loading=\"lazy\" decoding=\"async\" width=\"519\" height=\"530\" src=\"https:\/\/www.arredojolly.com\/wp-content\/uploads\/2019\/07\/arredo-jolly-orsi-a.jpg\" class=\"attachment-full size-full wp-post-image\" alt=\"\" srcset=\"https:\/\/www.arredojolly.com\/wp-content\/uploads\/2019\/07\/arredo-jolly-orsi-a.jpg 519w, https:\/\/www.arredojolly.com\/wp-content\/uploads\/2019\/07\/arredo-jolly-orsi-a-294x300.jpg 294w\" sizes=\"(max-width: 519px) 100vw, 519px\" \/>\t\n    <\/div>\n<div class=\"eltdf-pli-text-holder\" >\n\t<div class=\"eltdf-pli-text-wrapper\">\n\t\t<div class=\"eltdf-pli-text\">\n\t\t\t\t\t<div class=\"eltdf-pli-category-holder\">\n\t\t\t\t\t\t\t<a itemprop=\"url\" class=\"eltdf-pli-category\" href=\"https:\/\/www.arredojolly.com\/fr\/portfolio-category\/residentiel\/\">R\u00e9sidentiel<\/a>\n\t\t\t\t\t<\/div>\n\t\n\t\t\t\t<h3 itemprop=\"name\" class=\"eltdf-pli-title entry-title\" >\n\t\t<span class=\"eltdf-pli-title-inner\">\n\t\t\tVilla Orsi, pr\u00e9server et d\u00e9voiler\t\t<\/span>\n\t<\/h3>\n\n\t\t\t\t\t\t\n\t\t\t\t\t<\/div>\n\t<\/div>\n<\/div>\n        <a itemprop=\"url\" class=\"eltdf-pli-link eltdf-block-drag-link\" href=\"https:\/\/www.arredojolly.com\/fr\/progetti\/villa-orsi-preserver-et-devoiler\/\" target=\"_self\"><\/a>\n\t<\/div>\n<\/article>\t<\/div>\n\t\n\t<\/div>[vc_empty_space][\/vc_column][\/vc_row]<\/p>\n<\/div>","protected":false},"excerpt":{"rendered":"<p>[vc_row row_content_width=\u00a0\u00bbgrid\u00a0\u00bb][vc_column css=\u00a0\u00bb.vc_custom_1624001613377{padding-right: 10% !important;padding-left: 10% !important;}\u00a0\u00bb][vc_empty_space][vc_empty_space][\/vc_column][\/vc_row]<\/p>\n","protected":false},"author":3,"featured_media":0,"parent":0,"menu_order":0,"comment_status":"closed","ping_status":"closed","template":"full-width.php","meta":{"footnotes":""},"yoast_head":"<!-- This site is optimized with the Yoast SEO plugin v19.10 - https:\/\/yoast.com\/wordpress\/plugins\/seo\/ -->\n<title>Arredo Jolly | Case History, progetti interior design<\/title>\n<meta name=\"description\" content=\"Arredo Jolly \u00e8 un&#039;azienda specializzata nella realizzazione e nella posa di pavimenti, rivestimenti, piscine, mosaici, parquet. Scopri i progetti realizzati.\" \/>\n<meta name=\"robots\" content=\"index, follow, max-snippet:-1, max-image-preview:large, max-video-preview:-1\" \/>\n<link rel=\"canonical\" href=\"https:\/\/www.arredojolly.com\/fr\/histories\/\" \/>\n<meta property=\"og:locale\" content=\"fr_FR\" \/>\n<meta property=\"og:type\" content=\"article\" \/>\n<meta property=\"og:title\" content=\"Arredo Jolly | Case History, progetti interior design\" \/>\n<meta property=\"og:description\" content=\"Arredo Jolly \u00e8 un&#039;azienda specializzata nella realizzazione e nella posa di pavimenti, rivestimenti, piscine, mosaici, parquet. Scopri i progetti realizzati.\" \/>\n<meta property=\"og:url\" content=\"https:\/\/www.arredojolly.com\/fr\/histories\/\" \/>\n<meta property=\"og:site_name\" content=\"Arredo Jolly\" \/>\n<meta property=\"article:publisher\" content=\"https:\/\/www.facebook.com\/Arredo-Jolly-Gravellona-Toce-Cannobio-Verbania-658281340851746\/\" \/>\n<meta property=\"article:modified_time\" content=\"2021-06-21T12:54:10+00:00\" \/>\n<meta name=\"twitter:card\" content=\"summary_large_image\" \/>\n<script type=\"application\/ld+json\" class=\"yoast-schema-graph\">{\"@context\":\"https:\/\/schema.org\",\"@graph\":[{\"@type\":\"WebPage\",\"@id\":\"https:\/\/www.arredojolly.com\/fr\/histories\/\",\"url\":\"https:\/\/www.arredojolly.com\/fr\/histories\/\",\"name\":\"Arredo Jolly | Case History, progetti interior design\",\"isPartOf\":{\"@id\":\"https:\/\/www.arredojolly.com\/fr\/#website\"},\"datePublished\":\"2018-07-12T11:23:16+00:00\",\"dateModified\":\"2021-06-21T12:54:10+00:00\",\"description\":\"Arredo Jolly \u00e8 un'azienda specializzata nella realizzazione e nella posa di pavimenti, rivestimenti, piscine, mosaici, parquet. Scopri i progetti realizzati.\",\"breadcrumb\":{\"@id\":\"https:\/\/www.arredojolly.com\/fr\/histories\/#breadcrumb\"},\"inLanguage\":\"fr-FR\",\"potentialAction\":[{\"@type\":\"ReadAction\",\"target\":[\"https:\/\/www.arredojolly.com\/fr\/histories\/\"]}]},{\"@type\":\"BreadcrumbList\",\"@id\":\"https:\/\/www.arredojolly.com\/fr\/histories\/#breadcrumb\",\"itemListElement\":[{\"@type\":\"ListItem\",\"position\":1,\"name\":\"Home\",\"item\":\"https:\/\/www.arredojolly.com\/fr\/\"},{\"@type\":\"ListItem\",\"position\":2,\"name\":\"Histories\"}]},{\"@type\":\"WebSite\",\"@id\":\"https:\/\/www.arredojolly.com\/fr\/#website\",\"url\":\"https:\/\/www.arredojolly.com\/fr\/\",\"name\":\"Arredo Jolly | Interior Design e Arredo Bagno | Verbania Locarno\",\"description\":\"Progettazione e Interior Design\",\"publisher\":{\"@id\":\"https:\/\/www.arredojolly.com\/fr\/#organization\"},\"potentialAction\":[{\"@type\":\"SearchAction\",\"target\":{\"@type\":\"EntryPoint\",\"urlTemplate\":\"https:\/\/www.arredojolly.com\/fr\/?s={search_term_string}\"},\"query-input\":\"required name=search_term_string\"}],\"inLanguage\":\"fr-FR\"},{\"@type\":\"Organization\",\"@id\":\"https:\/\/www.arredojolly.com\/fr\/#organization\",\"name\":\"Arredo Jolly\",\"url\":\"https:\/\/www.arredojolly.com\/fr\/\",\"logo\":{\"@type\":\"ImageObject\",\"inLanguage\":\"fr-FR\",\"@id\":\"https:\/\/www.arredojolly.com\/fr\/#\/schema\/logo\/image\/\",\"url\":\"https:\/\/www.arredojolly.com\/wp-content\/uploads\/2020\/01\/logom.png\",\"contentUrl\":\"https:\/\/www.arredojolly.com\/wp-content\/uploads\/2020\/01\/logom.png\",\"width\":195,\"height\":25,\"caption\":\"Arredo Jolly\"},\"image\":{\"@id\":\"https:\/\/www.arredojolly.com\/fr\/#\/schema\/logo\/image\/\"},\"sameAs\":[\"https:\/\/www.instagram.com\/arredojolly\/\",\"https:\/\/www.youtube.com\/channel\/UCB-Z4A0TyZMUkf0zAdFCjsw\/\",\"https:\/\/www.facebook.com\/Arredo-Jolly-Gravellona-Toce-Cannobio-Verbania-658281340851746\/\"]}]}<\/script>\n<!-- \/ Yoast SEO plugin. -->","yoast_head_json":{"title":"Arredo Jolly | Case History, progetti interior design","description":"Arredo Jolly \u00e8 un'azienda specializzata nella realizzazione e nella posa di pavimenti, rivestimenti, piscine, mosaici, parquet. Scopri i progetti realizzati.","robots":{"index":"index","follow":"follow","max-snippet":"max-snippet:-1","max-image-preview":"max-image-preview:large","max-video-preview":"max-video-preview:-1"},"canonical":"https:\/\/www.arredojolly.com\/fr\/histories\/","og_locale":"fr_FR","og_type":"article","og_title":"Arredo Jolly | Case History, progetti interior design","og_description":"Arredo Jolly \u00e8 un'azienda specializzata nella realizzazione e nella posa di pavimenti, rivestimenti, piscine, mosaici, parquet. Scopri i progetti realizzati.","og_url":"https:\/\/www.arredojolly.com\/fr\/histories\/","og_site_name":"Arredo Jolly","article_publisher":"https:\/\/www.facebook.com\/Arredo-Jolly-Gravellona-Toce-Cannobio-Verbania-658281340851746\/","article_modified_time":"2021-06-21T12:54:10+00:00","twitter_card":"summary_large_image","schema":{"@context":"https:\/\/schema.org","@graph":[{"@type":"WebPage","@id":"https:\/\/www.arredojolly.com\/fr\/histories\/","url":"https:\/\/www.arredojolly.com\/fr\/histories\/","name":"Arredo Jolly | Case History, progetti interior design","isPartOf":{"@id":"https:\/\/www.arredojolly.com\/fr\/#website"},"datePublished":"2018-07-12T11:23:16+00:00","dateModified":"2021-06-21T12:54:10+00:00","description":"Arredo Jolly \u00e8 un'azienda specializzata nella realizzazione e nella posa di pavimenti, rivestimenti, piscine, mosaici, parquet. Scopri i progetti realizzati.","breadcrumb":{"@id":"https:\/\/www.arredojolly.com\/fr\/histories\/#breadcrumb"},"inLanguage":"fr-FR","potentialAction":[{"@type":"ReadAction","target":["https:\/\/www.arredojolly.com\/fr\/histories\/"]}]},{"@type":"BreadcrumbList","@id":"https:\/\/www.arredojolly.com\/fr\/histories\/#breadcrumb","itemListElement":[{"@type":"ListItem","position":1,"name":"Home","item":"https:\/\/www.arredojolly.com\/fr\/"},{"@type":"ListItem","position":2,"name":"Histories"}]},{"@type":"WebSite","@id":"https:\/\/www.arredojolly.com\/fr\/#website","url":"https:\/\/www.arredojolly.com\/fr\/","name":"Arredo Jolly | Interior Design e Arredo Bagno | Verbania Locarno","description":"Progettazione e Interior Design","publisher":{"@id":"https:\/\/www.arredojolly.com\/fr\/#organization"},"potentialAction":[{"@type":"SearchAction","target":{"@type":"EntryPoint","urlTemplate":"https:\/\/www.arredojolly.com\/fr\/?s={search_term_string}"},"query-input":"required name=search_term_string"}],"inLanguage":"fr-FR"},{"@type":"Organization","@id":"https:\/\/www.arredojolly.com\/fr\/#organization","name":"Arredo Jolly","url":"https:\/\/www.arredojolly.com\/fr\/","logo":{"@type":"ImageObject","inLanguage":"fr-FR","@id":"https:\/\/www.arredojolly.com\/fr\/#\/schema\/logo\/image\/","url":"https:\/\/www.arredojolly.com\/wp-content\/uploads\/2020\/01\/logom.png","contentUrl":"https:\/\/www.arredojolly.com\/wp-content\/uploads\/2020\/01\/logom.png","width":195,"height":25,"caption":"Arredo Jolly"},"image":{"@id":"https:\/\/www.arredojolly.com\/fr\/#\/schema\/logo\/image\/"},"sameAs":["https:\/\/www.instagram.com\/arredojolly\/","https:\/\/www.youtube.com\/channel\/UCB-Z4A0TyZMUkf0zAdFCjsw\/","https:\/\/www.facebook.com\/Arredo-Jolly-Gravellona-Toce-Cannobio-Verbania-658281340851746\/"]}]}},"_links":{"self":[{"href":"https:\/\/www.arredojolly.com\/fr\/wp-json\/wp\/v2\/pages\/6323"}],"collection":[{"href":"https:\/\/www.arredojolly.com\/fr\/wp-json\/wp\/v2\/pages"}],"about":[{"href":"https:\/\/www.arredojolly.com\/fr\/wp-json\/wp\/v2\/types\/page"}],"author":[{"embeddable":true,"href":"https:\/\/www.arredojolly.com\/fr\/wp-json\/wp\/v2\/users\/3"}],"replies":[{"embeddable":true,"href":"https:\/\/www.arredojolly.com\/fr\/wp-json\/wp\/v2\/comments?post=6323"}],"version-history":[{"count":9,"href":"https:\/\/www.arredojolly.com\/fr\/wp-json\/wp\/v2\/pages\/6323\/revisions"}],"predecessor-version":[{"id":7579,"href":"https:\/\/www.arredojolly.com\/fr\/wp-json\/wp\/v2\/pages\/6323\/revisions\/7579"}],"wp:attachment":[{"href":"https:\/\/www.arredojolly.com\/fr\/wp-json\/wp\/v2\/media?parent=6323"}],"curies":[{"name":"wp","href":"https:\/\/api.w.org\/{rel}","templated":true}]}}