{"id":7903,"date":"2024-04-23T13:43:19","date_gmt":"2024-04-23T11:43:19","guid":{"rendered":"https:\/\/www.arredojolly.com\/?page_id=7903"},"modified":"2024-04-23T13:43:19","modified_gmt":"2024-04-23T11:43:19","slug":"eclairage","status":"publish","type":"page","link":"https:\/\/www.arredojolly.com\/fr\/eclairage\/","title":{"rendered":"\u00c9CLAIRAGE"},"content":{"rendered":"<div class=\"wpb-content-wrapper\"><p>[vc_row full_width=\u00a0\u00bbstretch_row_content_no_spaces\u00a0\u00bb content_placement=\u00a0\u00bbtop\u00a0\u00bb][vc_column width=\u00a0\u00bb1\/2&Prime;][vc_single_image image=\u00a0\u00bb7910&Prime; img_size=\u00a0\u00bbfull\u00a0\u00bb][\/vc_column][vc_column width=\u00a0\u00bb1\/2&Prime; css=\u00a0\u00bb.vc_custom_1570701164865{padding-top: 50px !important;padding-right: 50px !important;padding-bottom: 50px !important;padding-left: 50px !important;}\u00a0\u00bb][vc_single_image image=\u00a0\u00bb5032&Prime; img_size=\u00a0\u00bbfull\u00a0\u00bb css=\u00a0\u00bb.vc_custom_1570701599291{margin-bottom: 0px !important;padding-bottom: 0px !important;}\u00a0\u00bb][vc_column_text css=\u00a0\u00bb\u00a0\u00bb]<\/p>\n<h1 class=\"big\" style=\"color: #fff; text-transform: lowercase;\">\u00c9CLAI-<br \/>\nRAGE<\/h1>\n<p>[\/vc_column_text][\/vc_column][\/vc_row][vc_row row_content_width=\u00a0\u00bbgrid\u00a0\u00bb enable_borders=\u00a0\u00bbleft-right\u00a0\u00bb css=\u00a0\u00bb.vc_custom_1579682883915{padding-top: 120px !important;padding-bottom: 120px !important;}\u00a0\u00bb simple_background_color=\u00a0\u00bb#ffffff\u00a0\u00bb eltd_border_color=\u00a0\u00bb#ece8e5&Prime;][vc_column][vc_column_text css=\u00a0\u00bb\u00a0\u00bb]<\/p>\n<h2 style=\"text-align: left;\">Arredo Jolly, la lumi\u00e8re devient le protagoniste du design<\/h2>\n<p>[\/vc_column_text][vc_empty_space height=\u00a0\u00bb60px\u00a0\u00bb][vc_row_inner][vc_column_inner width=\u00a0\u00bb1\/2&Prime;][vc_column_text css=\u00a0\u00bb\u00a0\u00bb]La lumi\u00e8re dans la maison va bien au-del\u00e0 de sa simple fonction d&rsquo;\u00e9clairage, c&rsquo;est un \u00e9l\u00e9ment fondamental qui influence profond\u00e9ment l&rsquo;atmosph\u00e8re, l&rsquo;ambiance et la fonctionnalit\u00e9 de tout espace. Un \u00e9clairage bien con\u00e7u est la cl\u00e9 pour cr\u00e9er un environnement accueillant, fonctionnel et esth\u00e9tique.<br \/>\n[\/vc_column_text][\/vc_column_inner][vc_column_inner width=\u00a0\u00bb1\/2&Prime;][vc_column_text css=\u00a0\u00bb\u00a0\u00bb]L&rsquo;\u00e9clairage joue un r\u00f4le crucial dans l&rsquo;accentuation des d\u00e9tails architecturaux, la mise en valeur du mobilier et la d\u00e9finition du style d&rsquo;une pi\u00e8ce. Notre s\u00e9lection de marques prestigieuses telles que Davide Groppi et Vesoi est con\u00e7ue pour transformer les pi\u00e8ces avec \u00e9l\u00e9gance et style.<br \/>\n[\/vc_column_text][\/vc_column_inner][\/vc_row_inner][\/vc_column][\/vc_row][vc_row content_text_aligment=\u00a0\u00bbcenter\u00a0\u00bb enable_borders=\u00a0\u00bbleft-right\u00a0\u00bb parallax_background_image=\u00a0\u00bb7927&Prime; parallax_bg_height=\u00a0\u00bb500&Prime; eltd_border_color=\u00a0\u00bb#ece8e5&Prime; left_right_offset=\u00a0\u00bb111px\u00a0\u00bb][vc_column][\/vc_column][\/vc_row][vc_row row_content_width=\u00a0\u00bbgrid\u00a0\u00bb enable_borders=\u00a0\u00bbleft-right\u00a0\u00bb css=\u00a0\u00bb.vc_custom_1575391065900{padding-top: 120px !important;padding-bottom: 120px !important;}\u00a0\u00bb simple_background_color=\u00a0\u00bb#ffffff\u00a0\u00bb eltd_border_color=\u00a0\u00bb#ece8e5&Prime; left_right_offset=\u00a0\u00bb110px\u00a0\u00bb][vc_column offset=\u00a0\u00bbvc_col-lg-6 vc_col-md-12&Prime;]<div class=\"eltdf-accordion-holder eltdf-ac-default  eltdf-accordion eltdf-ac-simple  clearfix\">\n\t<h6 class=\"eltdf-accordion-title\">\n\n\t<span class=\"eltdf-tab-title\">DESIGN<\/span>\n<\/h6>\n<div class=\"eltdf-accordion-content\">\n\t<div class=\"eltdf-accordion-content-inner\">\n\t\t[vc_column_text css=\u00a0\u00bb\u00a0\u00bb]De l&rsquo;innovant au classique, chaque pi\u00e8ce est soigneusement choisie pour ajouter une note lumineuse de personnalit\u00e9 \u00e0 n&rsquo;importe quel espace, con\u00e7u avec un design innovant qui allie esth\u00e9tique et fonctionnalit\u00e9, cr\u00e9ant des atmosph\u00e8res \u00e9vocatrices et po\u00e9tiques.<br \/>\n[\/vc_column_text]\t<\/div>\n<\/div><h6 class=\"eltdf-accordion-title\">\n\n\t<span class=\"eltdf-tab-title\">MARCHI<\/span>\n<\/h6>\n<div class=\"eltdf-accordion-content\">\n\t<div class=\"eltdf-accordion-content-inner\">\n\t\t[vc_column_text]Davide Groppi , Vesoi, Foscarini e Ideal Lux<br \/>\n[\/vc_column_text]\t<\/div>\n<\/div><\/div>[vc_empty_space height=\u00a0\u00bb30px\u00a0\u00bb]<a itemprop=\"url\" href=\"https:\/\/www.arredojolly.com\/fr\/histories\/\" target=\"_self\"  class=\"eltdf-btn eltdf-btn-medium eltdf-btn-outline\"  >\n    <span class=\"eltdf-btn-text\">HISTORIES<\/span>\n    <\/a>[vc_empty_space height=\u00a0\u00bb60px\u00a0\u00bb][\/vc_column][vc_column offset=\u00a0\u00bbvc_col-lg-6 vc_col-md-12&Prime; css=\u00a0\u00bb.vc_custom_1575390950126{margin-left: 30px !important;border-top-width: 1px !important;border-right-width: 1px !important;border-bottom-width: 1px !important;border-left-width: 1px !important;padding-top: 30px !important;padding-right: 30px !important;padding-bottom: 30px !important;padding-left: 30px !important;border-left-color: #ece8e5 !important;border-left-style: solid !important;border-right-color: #ece8e5 !important;border-right-style: solid !important;border-top-color: #ece8e5 !important;border-top-style: solid !important;border-bottom-color: #ece8e5 !important;border-bottom-style: solid !important;}\u00a0\u00bb][vc_column_text css=\u00a0\u00bb\u00a0\u00bb]<\/p>\n<h2 style=\"text-align: left;\">nos plus<\/h2>\n<p>[\/vc_column_text][vc_empty_space height=\u00a0\u00bb30px\u00a0\u00bb][vc_column_text css=\u00a0\u00bb\u00a0\u00bb]Gr\u00e2ce \u00e0 notre exp\u00e9rience, nous nous proposons comme partenaire pour<\/p>\n<ul>\n<li>la conception de l&rsquo;espace<\/li>\n<li>le transport et le montage<\/li>\n<li>l&rsquo;assistance apr\u00e8s-vente avec notre personnel sp\u00e9cialis\u00e9<\/li>\n<li>l&rsquo;assistance ponctuelle<\/li>\n<\/ul>\n<p>[\/vc_column_text][vc_empty_space height=\u00a0\u00bb30px\u00a0\u00bb]<a itemprop=\"url\" href=\"https:\/\/www.arredojolly.com\/fr\/contacts\/\" target=\"_self\"  class=\"eltdf-btn eltdf-btn-medium eltdf-btn-outline\"  >\n    <span class=\"eltdf-btn-text\">PRENEZ RENDEZ-VOUS<\/span>\n    <\/a>[vc_empty_space height=\u00a0\u00bb30px\u00a0\u00bb][\/vc_column][\/vc_row][vc_row enable_borders=\u00a0\u00bbleft-right\u00a0\u00bb eltd_border_color=\u00a0\u00bb#ece8e5&Prime;][vc_column width=\u00a0\u00bb7\/12&Prime;]<div class=\"eltdf-elements-holder   eltdf-one-column  eltdf-responsive-mode-768 \" ><div class=\"eltdf-eh-item     \"  data-item-class=\"eltdf-eh-custom-2622\" data-1367-1600=\"0px 17% 0px 0%\" data-1025-1366=\"0px 17% 0px 0%\">\n\t<div class=\"eltdf-eh-item-inner\">\n\t\t<div class=\"eltdf-eh-item-content eltdf-eh-custom-2622\" style=\"padding: 0px 0% 0px 0%\">\n\t\t\t<div class=\"eltdf-image-gallery  eltdf-ig-slider-type eltdf-three-columns eltdf-no-space  \">\n\t<div class=\"eltdf-ig-slider eltdf-owl-slider\" data-number-of-items=\"1\" data-enable-loop=\"yes\" data-enable-autoplay=\"yes\" data-slider-speed=\"5000\" data-slider-speed-animation=\"600\" data-slider-padding=\"no\" data-enable-navigation=\"yes\" data-enable-pagination=\"no\" data-enable-pagination-names=\"no\" data-enable-auto-width=\"no\">\n\t\t\t\t\t<div class=\"eltdf-ig-image\">\n\t\t\t\t\t\t\t\t\t<img loading=\"lazy\" decoding=\"async\" width=\"1000\" height=\"1500\" src=\"https:\/\/www.arredojolly.com\/wp-content\/uploads\/2024\/04\/image-3.jpeg\" class=\"attachment-full size-full\" alt=\"\" srcset=\"https:\/\/www.arredojolly.com\/wp-content\/uploads\/2024\/04\/image-3.jpeg 1000w, https:\/\/www.arredojolly.com\/wp-content\/uploads\/2024\/04\/image-3-200x300.jpeg 200w, https:\/\/www.arredojolly.com\/wp-content\/uploads\/2024\/04\/image-3-683x1024.jpeg 683w, https:\/\/www.arredojolly.com\/wp-content\/uploads\/2024\/04\/image-3-768x1152.jpeg 768w\" sizes=\"(max-width: 1000px) 100vw, 1000px\" \/>                                                \t\t\t\t\t\t\t<\/div>\n\t\t\t\t\t<div class=\"eltdf-ig-image\">\n\t\t\t\t\t\t\t\t\t<img loading=\"lazy\" decoding=\"async\" width=\"1000\" height=\"1500\" src=\"https:\/\/www.arredojolly.com\/wp-content\/uploads\/2024\/04\/image-4.jpeg\" class=\"attachment-full size-full\" alt=\"\" srcset=\"https:\/\/www.arredojolly.com\/wp-content\/uploads\/2024\/04\/image-4.jpeg 1000w, https:\/\/www.arredojolly.com\/wp-content\/uploads\/2024\/04\/image-4-200x300.jpeg 200w, https:\/\/www.arredojolly.com\/wp-content\/uploads\/2024\/04\/image-4-683x1024.jpeg 683w, https:\/\/www.arredojolly.com\/wp-content\/uploads\/2024\/04\/image-4-768x1152.jpeg 768w\" sizes=\"(max-width: 1000px) 100vw, 1000px\" \/>                                                \t\t\t\t\t\t\t<\/div>\n\t\t\t\t\t<div class=\"eltdf-ig-image\">\n\t\t\t\t\t\t\t\t\t<img loading=\"lazy\" decoding=\"async\" width=\"1000\" height=\"1500\" src=\"https:\/\/www.arredojolly.com\/wp-content\/uploads\/2024\/04\/image.jpeg\" class=\"attachment-full size-full\" alt=\"\" srcset=\"https:\/\/www.arredojolly.com\/wp-content\/uploads\/2024\/04\/image.jpeg 1000w, https:\/\/www.arredojolly.com\/wp-content\/uploads\/2024\/04\/image-200x300.jpeg 200w, https:\/\/www.arredojolly.com\/wp-content\/uploads\/2024\/04\/image-683x1024.jpeg 683w, https:\/\/www.arredojolly.com\/wp-content\/uploads\/2024\/04\/image-768x1152.jpeg 768w\" sizes=\"(max-width: 1000px) 100vw, 1000px\" \/>                                                \t\t\t\t\t\t\t<\/div>\n\t\t\t<\/div>\n<\/div>\t\t<\/div>\n\t<\/div>\n    <\/div><\/div>[\/vc_column][vc_column width=\u00a0\u00bb5\/12&Prime; css=\u00a0\u00bb.vc_custom_1579619985463{margin-left: -9% !important;}\u00a0\u00bb]<div class=\"eltdf-elements-holder   eltdf-one-column  eltdf-responsive-mode-768 \" ><div class=\"eltdf-eh-item     \"  data-item-class=\"eltdf-eh-custom-2700\" data-1367-1600=\"54px 35.4% 0px 0%\" data-1025-1366=\"54px 35.4% 0px 0%\" data-681-768=\"94px 34% 0px 9%\">\n\t<div class=\"eltdf-eh-item-inner\">\n\t\t<div class=\"eltdf-eh-item-content eltdf-eh-custom-2700\" style=\"padding: 147px 21% 0% 20%\">\n\t\t\t<div class=\"eltdf-image-highlight-holder eltdf-ih-with-link eltdf-ih-with-animation\">\n        <div class=\"eltdf-image-highlight-holder-inner\">\n        <div class=\"eltdf-ih-image\">\n                            <a href=\"https:\/\/www.arredojolly.com\/fr\/outdoor\/\" target=\"_self\"><\/a>\n                                        <img loading=\"lazy\" decoding=\"async\" width=\"800\" height=\"862\" src=\"https:\/\/www.arredojolly.com\/wp-content\/uploads\/2024\/04\/arredo-jolly-arredo-esterno-2.jpg\" class=\"attachment-full size-full\" alt=\"\" srcset=\"https:\/\/www.arredojolly.com\/wp-content\/uploads\/2024\/04\/arredo-jolly-arredo-esterno-2.jpg 800w, https:\/\/www.arredojolly.com\/wp-content\/uploads\/2024\/04\/arredo-jolly-arredo-esterno-2-278x300.jpg 278w, https:\/\/www.arredojolly.com\/wp-content\/uploads\/2024\/04\/arredo-jolly-arredo-esterno-2-768x828.jpg 768w\" sizes=\"(max-width: 800px) 100vw, 800px\" \/>                    <\/div>\n        <div class=\"eltdf-ih-text-holder\" style=\"text-align: right\">\n                            <h6 class=\"eltdf-ih-subtitle\" >D\u00c9COUVRIR AUSSI<\/h6>\n                                    <h3 class=\"eltdf-ih-title\" >\n                                    <a href=\"https:\/\/www.arredojolly.com\/fr\/outdoor\/\" target=\"_self\">\n                                Outdoor                                    <\/a>\n                            <\/h3>\n                <\/div>\n    <\/div>\n<\/div>[vc_empty_space height=\u00a0\u00bb50px\u00a0\u00bb]\t\t<\/div>\n\t<\/div>\n    <\/div><\/div>[\/vc_column][\/vc_row][vc_row enable_borders=\u00a0\u00bbleft-right\u00a0\u00bb eltd_border_color=\u00a0\u00bb#ece8e5&Prime; css=\u00a0\u00bb.vc_custom_1579682321493{border-top-width: 1px !important;padding-top: 65px !important;padding-bottom: 85px !important;border-top-color: #ffffff !important;border-top-style: solid !important;}\u00a0\u00bb][vc_column][vc_row_inner row_content_width=\u00a0\u00bbgrid\u00a0\u00bb css=\u00a0\u00bb.vc_custom_1579618091506{padding-bottom: 20px !important;}\u00a0\u00bb][vc_column_inner]<div class=\"eltdf-call-to-action-holder  eltdf-normal-layout  eltdf-three-quarters-columns\">\n\t<div class=\"eltdf-cta-inner \">\n\t\t<div class=\"eltdf-cta-text-holder\">\n\t\t\t<div class=\"eltdf-cta-text\">\n<h2>Vous souhaitez renouveler l&rsquo;\u00e9clairage de votre maison?<\/h2>\n<\/div>\n\t\t<\/div>\n\t\t<div class=\"eltdf-cta-button-holder\" >\n\t\t\t<div class=\"eltdf-cta-button\"><a itemprop=\"url\" href=\"https:\/\/www.arredojolly.com\/fr\/contacts\/\" target=\"_self\" style=\"color: #000000\" class=\"eltdf-btn eltdf-btn-medium eltdf-btn-outline eltdf-btn-custom-hover-bg eltdf-btn-custom-hover-color\" data-hover-color=\"#ffffff\" data-hover-bg-color=\"#000000\" >    <span class=\"eltdf-btn-text\">DEMANDEZ UN DEVIS<\/span>    <\/a><\/div>\n\t\t<\/div>\n\t<\/div>\n<\/div>[\/vc_column_inner][\/vc_row_inner][\/vc_column][\/vc_row]<\/p>\n<\/div>","protected":false},"excerpt":{"rendered":"<p>[vc_row full_width=\u00a0\u00bbstretch_row_content_no_spaces\u00a0\u00bb content_placement=\u00a0\u00bbtop\u00a0\u00bb][vc_column width=\u00a0\u00bb1\/2&Prime;][vc_single_image image=\u00a0\u00bb7910&Prime; img_size=\u00a0\u00bbfull\u00a0\u00bb][\/vc_column][vc_column width=\u00a0\u00bb1\/2&Prime; css=\u00a0\u00bb.vc_custom_1570701164865{padding-top: 50px !important;padding-right: 50px !important;padding-bottom: 50px !important;padding-left: 50px !important;}\u00a0\u00bb][vc_single_image image=\u00a0\u00bb5032&Prime; img_size=\u00a0\u00bbfull\u00a0\u00bb css=\u00a0\u00bb.vc_custom_1570701599291{margin-bottom: 0px !important;padding-bottom: 0px !important;}\u00a0\u00bb][vc_column_text css=\u00a0\u00bb\u00a0\u00bb] \u00c9CLAI- RAGE [\/vc_column_text][\/vc_column][\/vc_row][vc_row row_content_width=\u00a0\u00bbgrid\u00a0\u00bb enable_borders=\u00a0\u00bbleft-right\u00a0\u00bb css=\u00a0\u00bb.vc_custom_1579682883915{padding-top: 120px !important;padding-bottom: 120px !important;}\u00a0\u00bb simple_background_color=\u00a0\u00bb#ffffff\u00a0\u00bb eltd_border_color=\u00a0\u00bb#ece8e5&Prime;][vc_column][vc_column_text css=\u00a0\u00bb\u00a0\u00bb] Arredo Jolly, la [&hellip;]<\/p>\n","protected":false},"author":3,"featured_media":0,"parent":0,"menu_order":0,"comment_status":"closed","ping_status":"closed","template":"full-width.php","meta":{"footnotes":""},"yoast_head":"<!-- This site is optimized with the Yoast SEO plugin v19.10 - https:\/\/yoast.com\/wordpress\/plugins\/seo\/ -->\n<title>\u00c9CLAIRAGE | Arredo Jolly<\/title>\n<meta name=\"description\" content=\"Scopri tutte le soluzioni Arredo Jolly per illuminare la tua casa. Un\u2019illuminazione ben progettata \u00e8 la chiave per creare un ambiente accogliente\" \/>\n<meta name=\"robots\" content=\"index, follow, max-snippet:-1, max-image-preview:large, max-video-preview:-1\" \/>\n<link rel=\"canonical\" href=\"https:\/\/www.arredojolly.com\/fr\/eclairage\/\" \/>\n<meta property=\"og:locale\" content=\"fr_FR\" \/>\n<meta property=\"og:type\" content=\"article\" \/>\n<meta property=\"og:title\" content=\"\u00c9CLAIRAGE | Arredo Jolly\" \/>\n<meta property=\"og:description\" content=\"Scopri tutte le soluzioni Arredo Jolly per illuminare la tua casa. Un\u2019illuminazione ben progettata \u00e8 la chiave per creare un ambiente accogliente\" \/>\n<meta property=\"og:url\" content=\"https:\/\/www.arredojolly.com\/fr\/eclairage\/\" \/>\n<meta property=\"og:site_name\" content=\"Arredo Jolly\" \/>\n<meta property=\"article:publisher\" content=\"https:\/\/www.facebook.com\/Arredo-Jolly-Gravellona-Toce-Cannobio-Verbania-658281340851746\/\" \/>\n<meta name=\"twitter:card\" content=\"summary_large_image\" \/>\n<meta name=\"twitter:label1\" content=\"Dur\u00e9e de lecture estim\u00e9e\" \/>\n\t<meta name=\"twitter:data1\" content=\"3 minutes\" \/>\n<script type=\"application\/ld+json\" class=\"yoast-schema-graph\">{\"@context\":\"https:\/\/schema.org\",\"@graph\":[{\"@type\":\"WebPage\",\"@id\":\"https:\/\/www.arredojolly.com\/fr\/eclairage\/\",\"url\":\"https:\/\/www.arredojolly.com\/fr\/eclairage\/\",\"name\":\"\u00c9CLAIRAGE | Arredo Jolly\",\"isPartOf\":{\"@id\":\"https:\/\/www.arredojolly.com\/fr\/#website\"},\"datePublished\":\"2024-04-23T11:43:19+00:00\",\"dateModified\":\"2024-04-23T11:43:19+00:00\",\"description\":\"Scopri tutte le soluzioni Arredo Jolly per illuminare la tua casa. Un\u2019illuminazione ben progettata \u00e8 la chiave per creare un ambiente accogliente\",\"breadcrumb\":{\"@id\":\"https:\/\/www.arredojolly.com\/fr\/eclairage\/#breadcrumb\"},\"inLanguage\":\"fr-FR\",\"potentialAction\":[{\"@type\":\"ReadAction\",\"target\":[\"https:\/\/www.arredojolly.com\/fr\/eclairage\/\"]}]},{\"@type\":\"BreadcrumbList\",\"@id\":\"https:\/\/www.arredojolly.com\/fr\/eclairage\/#breadcrumb\",\"itemListElement\":[{\"@type\":\"ListItem\",\"position\":1,\"name\":\"Home\",\"item\":\"https:\/\/www.arredojolly.com\/fr\/\"},{\"@type\":\"ListItem\",\"position\":2,\"name\":\"\u00c9CLAIRAGE\"}]},{\"@type\":\"WebSite\",\"@id\":\"https:\/\/www.arredojolly.com\/fr\/#website\",\"url\":\"https:\/\/www.arredojolly.com\/fr\/\",\"name\":\"Arredo Jolly | Interior Design e Arredo Bagno | Verbania Locarno\",\"description\":\"Progettazione e Interior Design\",\"publisher\":{\"@id\":\"https:\/\/www.arredojolly.com\/fr\/#organization\"},\"potentialAction\":[{\"@type\":\"SearchAction\",\"target\":{\"@type\":\"EntryPoint\",\"urlTemplate\":\"https:\/\/www.arredojolly.com\/fr\/?s={search_term_string}\"},\"query-input\":\"required name=search_term_string\"}],\"inLanguage\":\"fr-FR\"},{\"@type\":\"Organization\",\"@id\":\"https:\/\/www.arredojolly.com\/fr\/#organization\",\"name\":\"Arredo Jolly\",\"url\":\"https:\/\/www.arredojolly.com\/fr\/\",\"logo\":{\"@type\":\"ImageObject\",\"inLanguage\":\"fr-FR\",\"@id\":\"https:\/\/www.arredojolly.com\/fr\/#\/schema\/logo\/image\/\",\"url\":\"https:\/\/www.arredojolly.com\/wp-content\/uploads\/2020\/01\/logom.png\",\"contentUrl\":\"https:\/\/www.arredojolly.com\/wp-content\/uploads\/2020\/01\/logom.png\",\"width\":195,\"height\":25,\"caption\":\"Arredo Jolly\"},\"image\":{\"@id\":\"https:\/\/www.arredojolly.com\/fr\/#\/schema\/logo\/image\/\"},\"sameAs\":[\"https:\/\/www.instagram.com\/arredojolly\/\",\"https:\/\/www.youtube.com\/channel\/UCB-Z4A0TyZMUkf0zAdFCjsw\/\",\"https:\/\/www.facebook.com\/Arredo-Jolly-Gravellona-Toce-Cannobio-Verbania-658281340851746\/\"]}]}<\/script>\n<!-- \/ Yoast SEO plugin. -->","yoast_head_json":{"title":"\u00c9CLAIRAGE | Arredo Jolly","description":"Scopri tutte le soluzioni Arredo Jolly per illuminare la tua casa. Un\u2019illuminazione ben progettata \u00e8 la chiave per creare un ambiente accogliente","robots":{"index":"index","follow":"follow","max-snippet":"max-snippet:-1","max-image-preview":"max-image-preview:large","max-video-preview":"max-video-preview:-1"},"canonical":"https:\/\/www.arredojolly.com\/fr\/eclairage\/","og_locale":"fr_FR","og_type":"article","og_title":"\u00c9CLAIRAGE | Arredo Jolly","og_description":"Scopri tutte le soluzioni Arredo Jolly per illuminare la tua casa. Un\u2019illuminazione ben progettata \u00e8 la chiave per creare un ambiente accogliente","og_url":"https:\/\/www.arredojolly.com\/fr\/eclairage\/","og_site_name":"Arredo Jolly","article_publisher":"https:\/\/www.facebook.com\/Arredo-Jolly-Gravellona-Toce-Cannobio-Verbania-658281340851746\/","twitter_card":"summary_large_image","twitter_misc":{"Dur\u00e9e de lecture estim\u00e9e":"3 minutes"},"schema":{"@context":"https:\/\/schema.org","@graph":[{"@type":"WebPage","@id":"https:\/\/www.arredojolly.com\/fr\/eclairage\/","url":"https:\/\/www.arredojolly.com\/fr\/eclairage\/","name":"\u00c9CLAIRAGE | Arredo Jolly","isPartOf":{"@id":"https:\/\/www.arredojolly.com\/fr\/#website"},"datePublished":"2024-04-23T11:43:19+00:00","dateModified":"2024-04-23T11:43:19+00:00","description":"Scopri tutte le soluzioni Arredo Jolly per illuminare la tua casa. Un\u2019illuminazione ben progettata \u00e8 la chiave per creare un ambiente accogliente","breadcrumb":{"@id":"https:\/\/www.arredojolly.com\/fr\/eclairage\/#breadcrumb"},"inLanguage":"fr-FR","potentialAction":[{"@type":"ReadAction","target":["https:\/\/www.arredojolly.com\/fr\/eclairage\/"]}]},{"@type":"BreadcrumbList","@id":"https:\/\/www.arredojolly.com\/fr\/eclairage\/#breadcrumb","itemListElement":[{"@type":"ListItem","position":1,"name":"Home","item":"https:\/\/www.arredojolly.com\/fr\/"},{"@type":"ListItem","position":2,"name":"\u00c9CLAIRAGE"}]},{"@type":"WebSite","@id":"https:\/\/www.arredojolly.com\/fr\/#website","url":"https:\/\/www.arredojolly.com\/fr\/","name":"Arredo Jolly | Interior Design e Arredo Bagno | Verbania Locarno","description":"Progettazione e Interior Design","publisher":{"@id":"https:\/\/www.arredojolly.com\/fr\/#organization"},"potentialAction":[{"@type":"SearchAction","target":{"@type":"EntryPoint","urlTemplate":"https:\/\/www.arredojolly.com\/fr\/?s={search_term_string}"},"query-input":"required name=search_term_string"}],"inLanguage":"fr-FR"},{"@type":"Organization","@id":"https:\/\/www.arredojolly.com\/fr\/#organization","name":"Arredo Jolly","url":"https:\/\/www.arredojolly.com\/fr\/","logo":{"@type":"ImageObject","inLanguage":"fr-FR","@id":"https:\/\/www.arredojolly.com\/fr\/#\/schema\/logo\/image\/","url":"https:\/\/www.arredojolly.com\/wp-content\/uploads\/2020\/01\/logom.png","contentUrl":"https:\/\/www.arredojolly.com\/wp-content\/uploads\/2020\/01\/logom.png","width":195,"height":25,"caption":"Arredo Jolly"},"image":{"@id":"https:\/\/www.arredojolly.com\/fr\/#\/schema\/logo\/image\/"},"sameAs":["https:\/\/www.instagram.com\/arredojolly\/","https:\/\/www.youtube.com\/channel\/UCB-Z4A0TyZMUkf0zAdFCjsw\/","https:\/\/www.facebook.com\/Arredo-Jolly-Gravellona-Toce-Cannobio-Verbania-658281340851746\/"]}]}},"_links":{"self":[{"href":"https:\/\/www.arredojolly.com\/fr\/wp-json\/wp\/v2\/pages\/7903"}],"collection":[{"href":"https:\/\/www.arredojolly.com\/fr\/wp-json\/wp\/v2\/pages"}],"about":[{"href":"https:\/\/www.arredojolly.com\/fr\/wp-json\/wp\/v2\/types\/page"}],"author":[{"embeddable":true,"href":"https:\/\/www.arredojolly.com\/fr\/wp-json\/wp\/v2\/users\/3"}],"replies":[{"embeddable":true,"href":"https:\/\/www.arredojolly.com\/fr\/wp-json\/wp\/v2\/comments?post=7903"}],"version-history":[{"count":2,"href":"https:\/\/www.arredojolly.com\/fr\/wp-json\/wp\/v2\/pages\/7903\/revisions"}],"predecessor-version":[{"id":8131,"href":"https:\/\/www.arredojolly.com\/fr\/wp-json\/wp\/v2\/pages\/7903\/revisions\/8131"}],"wp:attachment":[{"href":"https:\/\/www.arredojolly.com\/fr\/wp-json\/wp\/v2\/media?parent=7903"}],"curies":[{"name":"wp","href":"https:\/\/api.w.org\/{rel}","templated":true}]}}