{"id":7991,"date":"2024-04-23T14:07:52","date_gmt":"2024-04-23T12:07:52","guid":{"rendered":"https:\/\/www.arredojolly.com\/?page_id=7991"},"modified":"2024-04-23T14:07:52","modified_gmt":"2024-04-23T12:07:52","slug":"tailor-made","status":"publish","type":"page","link":"https:\/\/www.arredojolly.com\/fr\/tailor-made\/","title":{"rendered":"Tailor made"},"content":{"rendered":"<div class=\"wpb-content-wrapper\"><p>[vc_row full_width=\u00a0\u00bbstretch_row_content_no_spaces\u00a0\u00bb content_placement=\u00a0\u00bbtop\u00a0\u00bb][vc_column width=\u00a0\u00bb1\/2&Prime;][vc_single_image image=\u00a0\u00bb7996&Prime; img_size=\u00a0\u00bbfull\u00a0\u00bb][\/vc_column][vc_column width=\u00a0\u00bb1\/2&Prime; css=\u00a0\u00bb.vc_custom_1570701164865{padding-top: 50px !important;padding-right: 50px !important;padding-bottom: 50px !important;padding-left: 50px !important;}\u00a0\u00bb][vc_single_image image=\u00a0\u00bb5032&Prime; img_size=\u00a0\u00bbfull\u00a0\u00bb css=\u00a0\u00bb.vc_custom_1570701599291{margin-bottom: 0px !important;padding-bottom: 0px !important;}\u00a0\u00bb][vc_column_text]<\/p>\n<h1 class=\"big\" style=\"color: #fff;\">tailor<br \/>\nmade<\/h1>\n<p>[\/vc_column_text][\/vc_column][\/vc_row][vc_row row_content_width=\u00a0\u00bbgrid\u00a0\u00bb enable_borders=\u00a0\u00bbleft-right\u00a0\u00bb css=\u00a0\u00bb.vc_custom_1579682883915{padding-top: 120px !important;padding-bottom: 120px !important;}\u00a0\u00bb simple_background_color=\u00a0\u00bb#ffffff\u00a0\u00bb eltd_border_color=\u00a0\u00bb#ece8e5&Prime;][vc_column][vc_column_text css=\u00a0\u00bb\u00a0\u00bb]<\/p>\n<h2 style=\"text-align: left;\">Arredo Jolly, de l&rsquo;id\u00e9e au r\u00eave<\/h2>\n<p>[\/vc_column_text][vc_empty_space height=\u00a0\u00bb60px\u00a0\u00bb][vc_row_inner][vc_column_inner width=\u00a0\u00bb1\/2&Prime;][vc_column_text css=\u00a0\u00bb\u00a0\u00bb]Nous sommes l\u00e0 pour transformer les visions en r\u00e9alit\u00e9, en nous effor\u00e7ant de cr\u00e9er des designs personnalis\u00e9s qui refl\u00e8tent les d\u00e9sirs et les besoins, transformant chaque pi\u00e8ce en un espace unique et distinctif. Notre approche sur mesure commence par une compr\u00e9hension approfondie des pr\u00e9f\u00e9rences stylistiques du client, de la fonctionnalit\u00e9 requise et du budget.<\/p>\n<p>[\/vc_column_text][\/vc_column_inner][vc_column_inner width=\u00a0\u00bb1\/2&Prime;][vc_column_text css=\u00a0\u00bb\u00a0\u00bb]Nous savons que chaque espace est diff\u00e9rent et que chaque client a des go\u00fbts et des exigences qui lui sont propres. C&rsquo;est pourquoi nous proposons un service de conseil en d\u00e9coration d&rsquo;int\u00e9rieur complet et personnalis\u00e9, qui vous guide pas \u00e0 pas dans le processus de conception et de r\u00e9alisation de vos environnements id\u00e9aux.[\/vc_column_text][\/vc_column_inner][\/vc_row_inner][\/vc_column][\/vc_row][vc_row row_content_width=\u00a0\u00bbgrid\u00a0\u00bb enable_borders=\u00a0\u00bbleft-right\u00a0\u00bb parallax_background_image=\u00a0\u00bb5000&Prime; eltd_border_color=\u00a0\u00bb#ece8e5&Prime;][vc_column offset=\u00a0\u00bbvc_col-lg-offset-0 vc_col-lg-6 vc_col-md-offset-0 vc_col-md-12 vc_col-sm-offset-0 vc_col-xs-12&Prime;]<div class=\"eltdf-elements-holder   eltdf-one-column  eltdf-responsive-mode-768 \" ><div class=\"eltdf-eh-item     \"  data-item-class=\"eltdf-eh-custom-4770\" data-1367-1600=\"0px 85px 130px 0px\" data-1025-1366=\"0px 85px 130px 0px\" data-769-1024=\"0px 0px 0px 0px\">\n\t<div class=\"eltdf-eh-item-inner\">\n\t\t<div class=\"eltdf-eh-item-content eltdf-eh-custom-4770\" style=\"padding: 0px 85px 130px 0px\">\n\t\t\t<div class=\"eltdf-single-image-holder   \">\n    <div class=\"eltdf-si-inner\" >\n                                    <img loading=\"lazy\" decoding=\"async\" width=\"800\" height=\"862\" src=\"https:\/\/www.arredojolly.com\/wp-content\/uploads\/2024\/04\/arredo-jolly-tailor-made-1.jpg\" class=\"attachment-full size-full\" alt=\"\" srcset=\"https:\/\/www.arredojolly.com\/wp-content\/uploads\/2024\/04\/arredo-jolly-tailor-made-1.jpg 800w, https:\/\/www.arredojolly.com\/wp-content\/uploads\/2024\/04\/arredo-jolly-tailor-made-1-278x300.jpg 278w, https:\/\/www.arredojolly.com\/wp-content\/uploads\/2024\/04\/arredo-jolly-tailor-made-1-768x828.jpg 768w\" sizes=\"(max-width: 800px) 100vw, 800px\" \/>                        <\/div>\n<\/div>\t\t<\/div>\n\t<\/div>\n    <\/div><\/div>[\/vc_column][vc_column offset=\u00a0\u00bbvc_col-lg-offset-0 vc_col-lg-6 vc_col-md-offset-0 vc_col-md-12 vc_col-sm-offset-0 vc_col-xs-12&Prime;]<div class=\"eltdf-elements-holder   eltdf-one-column  eltdf-responsive-mode-768 \" ><div class=\"eltdf-eh-item     \"  data-item-class=\"eltdf-eh-custom-7716\" data-1367-1600=\"169px 36px 30px 26px\" data-1025-1366=\"169px 36px 30px 26px\" data-769-1024=\"194px 234px 120px 0px\" data-681-768=\"90px 154px 90px 0px\" data-680=\"64px 0px 80px 0px\">\n\t<div class=\"eltdf-eh-item-inner\">\n\t\t<div class=\"eltdf-eh-item-content eltdf-eh-custom-7716\" style=\"padding: 261px 143px 50px 72px\">\n\t\t\t<div class=\"eltdf-section-title-holder  eltdf-st-standard eltdf-st-title-left eltdf-st-normal-space \" >\n\t<div class=\"eltdf-st-inner\">\n\t\t\n        \n\t\t\t\t\t<h2 class=\"eltdf-st-title\" >\n\t\t\t\t<span>\n\t\t\t\tUne \u00e9quipe d'experts \u00e0 vos c\u00f4t\u00e9s\t\t\t\t<\/span>\n\t\t\t<\/h2>\n\t\t\t\t\t\t\t<p class=\"eltdf-st-text\" style=\"font-size: 16px;line-height: 25px;font-weight: 300\">\n\t\t\t\tNotre \u00e9quipe d'experts travaillera en \u00e9troite collaboration pour comprendre vos souhaits, vos besoins et votre budget. De la s\u00e9lection du mobilier et des accessoires au choix des couleurs et des mat\u00e9riaux, nous veillerons \u00e0 ce que chaque d\u00e9tail soit soigneusement pris en compte pour cr\u00e9er un espace \u00e0 la fois esth\u00e9tique et fonctionnel.<br \/>\n\t\t\t<\/p>\n\t\t\t<\/div>\n<\/div>[vc_empty_space]\t\t<\/div>\n\t<\/div>\n    <\/div><\/div>[\/vc_column][\/vc_row][vc_row row_content_width=\u00a0\u00bbgrid\u00a0\u00bb enable_borders=\u00a0\u00bbleft-right\u00a0\u00bb parallax_background_image=\u00a0\u00bb5000&Prime; eltd_border_color=\u00a0\u00bb#ece8e5&Prime;][vc_column offset=\u00a0\u00bbvc_col-lg-offset-0 vc_col-lg-6 vc_col-md-offset-0 vc_col-md-12 vc_col-sm-offset-0 vc_col-xs-12&Prime;]<div class=\"eltdf-elements-holder   eltdf-one-column  eltdf-responsive-mode-768 \" ><div class=\"eltdf-eh-item     \"  data-item-class=\"eltdf-eh-custom-7006\" data-1367-1600=\"169px 36px 30px 26px\" data-1025-1366=\"169px 36px 30px 26px\" data-769-1024=\"194px 234px 120px 0px\" data-681-768=\"90px 154px 90px 0px\" data-680=\"64px 0px 80px 0px\">\n\t<div class=\"eltdf-eh-item-inner\">\n\t\t<div class=\"eltdf-eh-item-content eltdf-eh-custom-7006\" style=\"padding: 261px 143px 50px 72px\">\n\t\t\t<div class=\"eltdf-section-title-holder  eltdf-st-standard eltdf-st-title-left eltdf-st-normal-space \" >\n\t<div class=\"eltdf-st-inner\">\n\t\t\n        \t\t\t<h6 class=\"eltdf-st-subtitle\" >\n\t\t\t\tMIssion\t\t\t<\/h6>\n\t\t\n\t\t\t\t\t<h2 class=\"eltdf-st-title\" >\n\t\t\t\t<span>\n\t\t\t\tLe projet parfait\t\t\t\t<\/span>\n\t\t\t<\/h2>\n\t\t\t\t\t\t\t<p class=\"eltdf-st-text\" style=\"font-size: 16px;line-height: 25px;font-weight: 300\">\n\t\t\t\tQue vous r\u00e9noviez une seule pi\u00e8ce ou que vous conceviez l'ensemble de votre maison, nous sommes l\u00e0 pour vous apporter le soutien et l'inspiration dont vous avez besoin pour r\u00e9aliser le projet parfait.\u2028Notre mission est de cr\u00e9er des environnements qui refl\u00e8tent la personnalit\u00e9 du client et qui lui permettent de se sentir chez lui \u00e0 chaque fois qu'il franchit le seuil de la porte.\t\t\t<\/p>\n\t\t\t<\/div>\n<\/div>[vc_empty_space]\t\t<\/div>\n\t<\/div>\n    <\/div><\/div>[\/vc_column][vc_column offset=\u00a0\u00bbvc_col-lg-offset-0 vc_col-lg-6 vc_col-md-offset-0 vc_col-md-12 vc_col-sm-offset-0 vc_col-xs-12&Prime;]<div class=\"eltdf-elements-holder   eltdf-one-column  eltdf-responsive-mode-768 \" ><div class=\"eltdf-eh-item     \"  data-item-class=\"eltdf-eh-custom-2484\" data-1367-1600=\"0px 85px 130px 0px\" data-1025-1366=\"0px 85px 130px 0px\" data-769-1024=\"0px 0px 0px 0px\">\n\t<div class=\"eltdf-eh-item-inner\">\n\t\t<div class=\"eltdf-eh-item-content eltdf-eh-custom-2484\" style=\"padding: 0px 85px 130px 0px\">\n\t\t\t<div class=\"eltdf-single-image-holder   \">\n    <div class=\"eltdf-si-inner\" >\n                                    <img loading=\"lazy\" decoding=\"async\" width=\"800\" height=\"862\" src=\"https:\/\/www.arredojolly.com\/wp-content\/uploads\/2024\/04\/arredo-jolly-tailor-made-3.jpg\" class=\"attachment-full size-full\" alt=\"\" srcset=\"https:\/\/www.arredojolly.com\/wp-content\/uploads\/2024\/04\/arredo-jolly-tailor-made-3.jpg 800w, https:\/\/www.arredojolly.com\/wp-content\/uploads\/2024\/04\/arredo-jolly-tailor-made-3-278x300.jpg 278w, https:\/\/www.arredojolly.com\/wp-content\/uploads\/2024\/04\/arredo-jolly-tailor-made-3-768x828.jpg 768w\" sizes=\"(max-width: 800px) 100vw, 800px\" \/>                        <\/div>\n<\/div>\t\t<\/div>\n\t<\/div>\n    <\/div><\/div>[\/vc_column][\/vc_row][vc_row enable_borders=\u00a0\u00bbleft-right\u00a0\u00bb eltd_border_color=\u00a0\u00bb#ece8e5&Prime;][vc_column width=\u00a0\u00bb7\/12&Prime;]<div class=\"eltdf-elements-holder   eltdf-one-column  eltdf-responsive-mode-768 \" ><div class=\"eltdf-eh-item     \"  data-item-class=\"eltdf-eh-custom-2345\" data-1367-1600=\"0px 17% 0px 0%\" data-1025-1366=\"0px 17% 0px 0%\">\n\t<div class=\"eltdf-eh-item-inner\">\n\t\t<div class=\"eltdf-eh-item-content eltdf-eh-custom-2345\" style=\"padding: 0px 0% 0px 0%\">\n\t\t\t<div class=\"eltdf-image-gallery  eltdf-ig-slider-type eltdf-three-columns eltdf-no-space  \">\n\t<div class=\"eltdf-ig-slider eltdf-owl-slider\" data-number-of-items=\"1\" data-enable-loop=\"yes\" data-enable-autoplay=\"yes\" data-slider-speed=\"5000\" data-slider-speed-animation=\"600\" data-slider-padding=\"no\" data-enable-navigation=\"yes\" data-enable-pagination=\"no\" data-enable-pagination-names=\"no\" data-enable-auto-width=\"no\">\n\t\t\t\t\t<div class=\"eltdf-ig-image\">\n\t\t\t\t\t\t\t\t\t<img loading=\"lazy\" decoding=\"async\" width=\"800\" height=\"862\" src=\"https:\/\/www.arredojolly.com\/wp-content\/uploads\/2024\/04\/arredo-jolly-tailor-made-6.jpg\" class=\"attachment-full size-full\" alt=\"\" srcset=\"https:\/\/www.arredojolly.com\/wp-content\/uploads\/2024\/04\/arredo-jolly-tailor-made-6.jpg 800w, https:\/\/www.arredojolly.com\/wp-content\/uploads\/2024\/04\/arredo-jolly-tailor-made-6-278x300.jpg 278w, https:\/\/www.arredojolly.com\/wp-content\/uploads\/2024\/04\/arredo-jolly-tailor-made-6-768x828.jpg 768w\" sizes=\"(max-width: 800px) 100vw, 800px\" \/>                                                \t\t\t\t\t\t\t<\/div>\n\t\t\t\t\t<div class=\"eltdf-ig-image\">\n\t\t\t\t\t\t\t\t\t<img loading=\"lazy\" decoding=\"async\" width=\"800\" height=\"862\" src=\"https:\/\/www.arredojolly.com\/wp-content\/uploads\/2024\/04\/arredo-jolly-tailor-made-4.jpg\" class=\"attachment-full size-full\" alt=\"\" srcset=\"https:\/\/www.arredojolly.com\/wp-content\/uploads\/2024\/04\/arredo-jolly-tailor-made-4.jpg 800w, https:\/\/www.arredojolly.com\/wp-content\/uploads\/2024\/04\/arredo-jolly-tailor-made-4-278x300.jpg 278w, https:\/\/www.arredojolly.com\/wp-content\/uploads\/2024\/04\/arredo-jolly-tailor-made-4-768x828.jpg 768w\" sizes=\"(max-width: 800px) 100vw, 800px\" \/>                                                \t\t\t\t\t\t\t<\/div>\n\t\t\t<\/div>\n<\/div>\t\t<\/div>\n\t<\/div>\n    <\/div><\/div>[\/vc_column][vc_column width=\u00a0\u00bb5\/12&Prime; css=\u00a0\u00bb.vc_custom_1579619985463{margin-left: -9% !important;}\u00a0\u00bb]<div class=\"eltdf-elements-holder   eltdf-one-column  eltdf-responsive-mode-768 \" ><div class=\"eltdf-eh-item     \"  data-item-class=\"eltdf-eh-custom-5152\" data-1367-1600=\"54px 35.4% 0px 0%\" data-1025-1366=\"54px 35.4% 0px 0%\" data-681-768=\"94px 34% 0px 9%\">\n\t<div class=\"eltdf-eh-item-inner\">\n\t\t<div class=\"eltdf-eh-item-content eltdf-eh-custom-5152\" style=\"padding: 147px 21% 0% 20%\">\n\t\t\t<div class=\"eltdf-image-highlight-holder eltdf-ih-with-link eltdf-ih-with-animation\">\n        <div class=\"eltdf-image-highlight-holder-inner\">\n        <div class=\"eltdf-ih-image\">\n                            <a href=\"https:\/\/www.arredojolly.com\/fr\/hotellerie\/\" target=\"_self\"><\/a>\n                                        <img loading=\"lazy\" decoding=\"async\" width=\"800\" height=\"862\" src=\"https:\/\/www.arredojolly.com\/wp-content\/uploads\/2024\/04\/arredo-jolly-hotellerie-3.jpg\" class=\"attachment-full size-full\" alt=\"\" srcset=\"https:\/\/www.arredojolly.com\/wp-content\/uploads\/2024\/04\/arredo-jolly-hotellerie-3.jpg 800w, https:\/\/www.arredojolly.com\/wp-content\/uploads\/2024\/04\/arredo-jolly-hotellerie-3-278x300.jpg 278w, https:\/\/www.arredojolly.com\/wp-content\/uploads\/2024\/04\/arredo-jolly-hotellerie-3-768x828.jpg 768w\" sizes=\"(max-width: 800px) 100vw, 800px\" \/>                    <\/div>\n        <div class=\"eltdf-ih-text-holder\" style=\"text-align: right\">\n                            <h6 class=\"eltdf-ih-subtitle\" >D\u00c9COUVREZ AUSSI LES SOLUTIONS POUR VOS<\/h6>\n                                    <h3 class=\"eltdf-ih-title\" >\n                                    <a href=\"https:\/\/www.arredojolly.com\/fr\/hotellerie\/\" target=\"_self\">\n                                Hotellerie                                    <\/a>\n                            <\/h3>\n                <\/div>\n    <\/div>\n<\/div>[vc_empty_space height=\u00a0\u00bb50px\u00a0\u00bb]\t\t<\/div>\n\t<\/div>\n    <\/div><\/div>[\/vc_column][\/vc_row][vc_row enable_borders=\u00a0\u00bbleft-right\u00a0\u00bb eltd_border_color=\u00a0\u00bb#ece8e5&Prime; css=\u00a0\u00bb.vc_custom_1579682321493{border-top-width: 1px !important;padding-top: 65px !important;padding-bottom: 85px !important;border-top-color: #ffffff !important;border-top-style: solid !important;}\u00a0\u00bb][vc_column][vc_row_inner row_content_width=\u00a0\u00bbgrid\u00a0\u00bb css=\u00a0\u00bb.vc_custom_1579618091506{padding-bottom: 20px !important;}\u00a0\u00bb][vc_column_inner]<div class=\"eltdf-call-to-action-holder  eltdf-normal-layout  eltdf-three-quarters-columns\">\n\t<div class=\"eltdf-cta-inner \">\n\t\t<div class=\"eltdf-cta-text-holder\">\n\t\t\t<div class=\"eltdf-cta-text\">\n<h2>Vous recherchez un partenaire de confiance pour un projet h\u00f4telier ?<\/h2>\n<\/div>\n\t\t<\/div>\n\t\t<div class=\"eltdf-cta-button-holder\" >\n\t\t\t<div class=\"eltdf-cta-button\"><a itemprop=\"url\" href=\"https:\/\/www.arredojolly.com\/fr\/contacts\/\" target=\"_self\" style=\"color: #000000\" class=\"eltdf-btn eltdf-btn-medium eltdf-btn-outline eltdf-btn-custom-hover-bg eltdf-btn-custom-hover-color\" data-hover-color=\"#ffffff\" data-hover-bg-color=\"#000000\" >    <span class=\"eltdf-btn-text\">DEMANDEZ UN DEVIS<\/span>    <\/a><\/div>\n\t\t<\/div>\n\t<\/div>\n<\/div>[\/vc_column_inner][\/vc_row_inner][\/vc_column][\/vc_row]<\/p>\n<\/div>","protected":false},"excerpt":{"rendered":"<p>[vc_row full_width=\u00a0\u00bbstretch_row_content_no_spaces\u00a0\u00bb content_placement=\u00a0\u00bbtop\u00a0\u00bb][vc_column width=\u00a0\u00bb1\/2&Prime;][vc_single_image image=\u00a0\u00bb7996&Prime; img_size=\u00a0\u00bbfull\u00a0\u00bb][\/vc_column][vc_column width=\u00a0\u00bb1\/2&Prime; css=\u00a0\u00bb.vc_custom_1570701164865{padding-top: 50px !important;padding-right: 50px !important;padding-bottom: 50px !important;padding-left: 50px !important;}\u00a0\u00bb][vc_single_image image=\u00a0\u00bb5032&Prime; img_size=\u00a0\u00bbfull\u00a0\u00bb css=\u00a0\u00bb.vc_custom_1570701599291{margin-bottom: 0px !important;padding-bottom: 0px !important;}\u00a0\u00bb][vc_column_text] tailor made [\/vc_column_text][\/vc_column][\/vc_row][vc_row row_content_width=\u00a0\u00bbgrid\u00a0\u00bb enable_borders=\u00a0\u00bbleft-right\u00a0\u00bb css=\u00a0\u00bb.vc_custom_1579682883915{padding-top: 120px !important;padding-bottom: 120px !important;}\u00a0\u00bb simple_background_color=\u00a0\u00bb#ffffff\u00a0\u00bb eltd_border_color=\u00a0\u00bb#ece8e5&Prime;][vc_column][vc_column_text css=\u00a0\u00bb\u00a0\u00bb] Arredo Jolly, de l&rsquo;id\u00e9e [&hellip;]<\/p>\n","protected":false},"author":3,"featured_media":0,"parent":0,"menu_order":0,"comment_status":"closed","ping_status":"closed","template":"full-width.php","meta":{"footnotes":""},"yoast_head":"<!-- This site is optimized with the Yoast SEO plugin v19.10 - https:\/\/yoast.com\/wordpress\/plugins\/seo\/ -->\n<title>Tailor made | Arredo Jolly<\/title>\n<meta name=\"robots\" content=\"index, follow, max-snippet:-1, max-image-preview:large, max-video-preview:-1\" \/>\n<link rel=\"canonical\" href=\"https:\/\/www.arredojolly.com\/fr\/tailor-made\/\" \/>\n<meta property=\"og:locale\" content=\"fr_FR\" \/>\n<meta property=\"og:type\" content=\"article\" \/>\n<meta property=\"og:title\" content=\"Tailor made | Arredo Jolly\" \/>\n<meta property=\"og:description\" content=\"[vc_row full_width=\u00a0\u00bbstretch_row_content_no_spaces\u00a0\u00bb content_placement=\u00a0\u00bbtop\u00a0\u00bb][vc_column width=\u00a0\u00bb1\/2&Prime;][vc_single_image image=\u00a0\u00bb7996&Prime; img_size=\u00a0\u00bbfull\u00a0\u00bb][\/vc_column][vc_column width=\u00a0\u00bb1\/2&Prime; css=\u00a0\u00bb.vc_custom_1570701164865{padding-top: 50px !important;padding-right: 50px !important;padding-bottom: 50px !important;padding-left: 50px !important;}\u00a0\u00bb][vc_single_image image=\u00a0\u00bb5032&Prime; img_size=\u00a0\u00bbfull\u00a0\u00bb css=\u00a0\u00bb.vc_custom_1570701599291{margin-bottom: 0px !important;padding-bottom: 0px !important;}\u00a0\u00bb][vc_column_text] tailor made [\/vc_column_text][\/vc_column][\/vc_row][vc_row row_content_width=\u00a0\u00bbgrid\u00a0\u00bb enable_borders=\u00a0\u00bbleft-right\u00a0\u00bb css=\u00a0\u00bb.vc_custom_1579682883915{padding-top: 120px !important;padding-bottom: 120px !important;}\u00a0\u00bb simple_background_color=\u00a0\u00bb#ffffff\u00a0\u00bb eltd_border_color=\u00a0\u00bb#ece8e5&Prime;][vc_column][vc_column_text css=\u00a0\u00bb\u00a0\u00bb] Arredo Jolly, de l&rsquo;id\u00e9e [&hellip;]\" \/>\n<meta property=\"og:url\" content=\"https:\/\/www.arredojolly.com\/fr\/tailor-made\/\" \/>\n<meta property=\"og:site_name\" content=\"Arredo Jolly\" \/>\n<meta property=\"article:publisher\" content=\"https:\/\/www.facebook.com\/Arredo-Jolly-Gravellona-Toce-Cannobio-Verbania-658281340851746\/\" \/>\n<meta name=\"twitter:card\" content=\"summary_large_image\" \/>\n<meta name=\"twitter:label1\" content=\"Dur\u00e9e de lecture estim\u00e9e\" \/>\n\t<meta name=\"twitter:data1\" content=\"3 minutes\" \/>\n<script type=\"application\/ld+json\" class=\"yoast-schema-graph\">{\"@context\":\"https:\/\/schema.org\",\"@graph\":[{\"@type\":\"WebPage\",\"@id\":\"https:\/\/www.arredojolly.com\/fr\/tailor-made\/\",\"url\":\"https:\/\/www.arredojolly.com\/fr\/tailor-made\/\",\"name\":\"Tailor made | Arredo Jolly\",\"isPartOf\":{\"@id\":\"https:\/\/www.arredojolly.com\/fr\/#website\"},\"datePublished\":\"2024-04-23T12:07:52+00:00\",\"dateModified\":\"2024-04-23T12:07:52+00:00\",\"breadcrumb\":{\"@id\":\"https:\/\/www.arredojolly.com\/fr\/tailor-made\/#breadcrumb\"},\"inLanguage\":\"fr-FR\",\"potentialAction\":[{\"@type\":\"ReadAction\",\"target\":[\"https:\/\/www.arredojolly.com\/fr\/tailor-made\/\"]}]},{\"@type\":\"BreadcrumbList\",\"@id\":\"https:\/\/www.arredojolly.com\/fr\/tailor-made\/#breadcrumb\",\"itemListElement\":[{\"@type\":\"ListItem\",\"position\":1,\"name\":\"Home\",\"item\":\"https:\/\/www.arredojolly.com\/fr\/\"},{\"@type\":\"ListItem\",\"position\":2,\"name\":\"Tailor made\"}]},{\"@type\":\"WebSite\",\"@id\":\"https:\/\/www.arredojolly.com\/fr\/#website\",\"url\":\"https:\/\/www.arredojolly.com\/fr\/\",\"name\":\"Arredo Jolly | Interior Design e Arredo Bagno | Verbania Locarno\",\"description\":\"Progettazione e Interior Design\",\"publisher\":{\"@id\":\"https:\/\/www.arredojolly.com\/fr\/#organization\"},\"potentialAction\":[{\"@type\":\"SearchAction\",\"target\":{\"@type\":\"EntryPoint\",\"urlTemplate\":\"https:\/\/www.arredojolly.com\/fr\/?s={search_term_string}\"},\"query-input\":\"required name=search_term_string\"}],\"inLanguage\":\"fr-FR\"},{\"@type\":\"Organization\",\"@id\":\"https:\/\/www.arredojolly.com\/fr\/#organization\",\"name\":\"Arredo Jolly\",\"url\":\"https:\/\/www.arredojolly.com\/fr\/\",\"logo\":{\"@type\":\"ImageObject\",\"inLanguage\":\"fr-FR\",\"@id\":\"https:\/\/www.arredojolly.com\/fr\/#\/schema\/logo\/image\/\",\"url\":\"https:\/\/www.arredojolly.com\/wp-content\/uploads\/2020\/01\/logom.png\",\"contentUrl\":\"https:\/\/www.arredojolly.com\/wp-content\/uploads\/2020\/01\/logom.png\",\"width\":195,\"height\":25,\"caption\":\"Arredo Jolly\"},\"image\":{\"@id\":\"https:\/\/www.arredojolly.com\/fr\/#\/schema\/logo\/image\/\"},\"sameAs\":[\"https:\/\/www.instagram.com\/arredojolly\/\",\"https:\/\/www.youtube.com\/channel\/UCB-Z4A0TyZMUkf0zAdFCjsw\/\",\"https:\/\/www.facebook.com\/Arredo-Jolly-Gravellona-Toce-Cannobio-Verbania-658281340851746\/\"]}]}<\/script>\n<!-- \/ Yoast SEO plugin. -->","yoast_head_json":{"title":"Tailor made | Arredo Jolly","robots":{"index":"index","follow":"follow","max-snippet":"max-snippet:-1","max-image-preview":"max-image-preview:large","max-video-preview":"max-video-preview:-1"},"canonical":"https:\/\/www.arredojolly.com\/fr\/tailor-made\/","og_locale":"fr_FR","og_type":"article","og_title":"Tailor made | Arredo Jolly","og_description":"[vc_row full_width=\u00a0\u00bbstretch_row_content_no_spaces\u00a0\u00bb content_placement=\u00a0\u00bbtop\u00a0\u00bb][vc_column width=\u00a0\u00bb1\/2&Prime;][vc_single_image image=\u00a0\u00bb7996&Prime; img_size=\u00a0\u00bbfull\u00a0\u00bb][\/vc_column][vc_column width=\u00a0\u00bb1\/2&Prime; css=\u00a0\u00bb.vc_custom_1570701164865{padding-top: 50px !important;padding-right: 50px !important;padding-bottom: 50px !important;padding-left: 50px !important;}\u00a0\u00bb][vc_single_image image=\u00a0\u00bb5032&Prime; img_size=\u00a0\u00bbfull\u00a0\u00bb css=\u00a0\u00bb.vc_custom_1570701599291{margin-bottom: 0px !important;padding-bottom: 0px !important;}\u00a0\u00bb][vc_column_text] tailor made [\/vc_column_text][\/vc_column][\/vc_row][vc_row row_content_width=\u00a0\u00bbgrid\u00a0\u00bb enable_borders=\u00a0\u00bbleft-right\u00a0\u00bb css=\u00a0\u00bb.vc_custom_1579682883915{padding-top: 120px !important;padding-bottom: 120px !important;}\u00a0\u00bb simple_background_color=\u00a0\u00bb#ffffff\u00a0\u00bb eltd_border_color=\u00a0\u00bb#ece8e5&Prime;][vc_column][vc_column_text css=\u00a0\u00bb\u00a0\u00bb] Arredo Jolly, de l&rsquo;id\u00e9e [&hellip;]","og_url":"https:\/\/www.arredojolly.com\/fr\/tailor-made\/","og_site_name":"Arredo Jolly","article_publisher":"https:\/\/www.facebook.com\/Arredo-Jolly-Gravellona-Toce-Cannobio-Verbania-658281340851746\/","twitter_card":"summary_large_image","twitter_misc":{"Dur\u00e9e de lecture estim\u00e9e":"3 minutes"},"schema":{"@context":"https:\/\/schema.org","@graph":[{"@type":"WebPage","@id":"https:\/\/www.arredojolly.com\/fr\/tailor-made\/","url":"https:\/\/www.arredojolly.com\/fr\/tailor-made\/","name":"Tailor made | Arredo Jolly","isPartOf":{"@id":"https:\/\/www.arredojolly.com\/fr\/#website"},"datePublished":"2024-04-23T12:07:52+00:00","dateModified":"2024-04-23T12:07:52+00:00","breadcrumb":{"@id":"https:\/\/www.arredojolly.com\/fr\/tailor-made\/#breadcrumb"},"inLanguage":"fr-FR","potentialAction":[{"@type":"ReadAction","target":["https:\/\/www.arredojolly.com\/fr\/tailor-made\/"]}]},{"@type":"BreadcrumbList","@id":"https:\/\/www.arredojolly.com\/fr\/tailor-made\/#breadcrumb","itemListElement":[{"@type":"ListItem","position":1,"name":"Home","item":"https:\/\/www.arredojolly.com\/fr\/"},{"@type":"ListItem","position":2,"name":"Tailor made"}]},{"@type":"WebSite","@id":"https:\/\/www.arredojolly.com\/fr\/#website","url":"https:\/\/www.arredojolly.com\/fr\/","name":"Arredo Jolly | Interior Design e Arredo Bagno | Verbania Locarno","description":"Progettazione e Interior Design","publisher":{"@id":"https:\/\/www.arredojolly.com\/fr\/#organization"},"potentialAction":[{"@type":"SearchAction","target":{"@type":"EntryPoint","urlTemplate":"https:\/\/www.arredojolly.com\/fr\/?s={search_term_string}"},"query-input":"required name=search_term_string"}],"inLanguage":"fr-FR"},{"@type":"Organization","@id":"https:\/\/www.arredojolly.com\/fr\/#organization","name":"Arredo Jolly","url":"https:\/\/www.arredojolly.com\/fr\/","logo":{"@type":"ImageObject","inLanguage":"fr-FR","@id":"https:\/\/www.arredojolly.com\/fr\/#\/schema\/logo\/image\/","url":"https:\/\/www.arredojolly.com\/wp-content\/uploads\/2020\/01\/logom.png","contentUrl":"https:\/\/www.arredojolly.com\/wp-content\/uploads\/2020\/01\/logom.png","width":195,"height":25,"caption":"Arredo Jolly"},"image":{"@id":"https:\/\/www.arredojolly.com\/fr\/#\/schema\/logo\/image\/"},"sameAs":["https:\/\/www.instagram.com\/arredojolly\/","https:\/\/www.youtube.com\/channel\/UCB-Z4A0TyZMUkf0zAdFCjsw\/","https:\/\/www.facebook.com\/Arredo-Jolly-Gravellona-Toce-Cannobio-Verbania-658281340851746\/"]}]}},"_links":{"self":[{"href":"https:\/\/www.arredojolly.com\/fr\/wp-json\/wp\/v2\/pages\/7991"}],"collection":[{"href":"https:\/\/www.arredojolly.com\/fr\/wp-json\/wp\/v2\/pages"}],"about":[{"href":"https:\/\/www.arredojolly.com\/fr\/wp-json\/wp\/v2\/types\/page"}],"author":[{"embeddable":true,"href":"https:\/\/www.arredojolly.com\/fr\/wp-json\/wp\/v2\/users\/3"}],"replies":[{"embeddable":true,"href":"https:\/\/www.arredojolly.com\/fr\/wp-json\/wp\/v2\/comments?post=7991"}],"version-history":[{"count":2,"href":"https:\/\/www.arredojolly.com\/fr\/wp-json\/wp\/v2\/pages\/7991\/revisions"}],"predecessor-version":[{"id":8142,"href":"https:\/\/www.arredojolly.com\/fr\/wp-json\/wp\/v2\/pages\/7991\/revisions\/8142"}],"wp:attachment":[{"href":"https:\/\/www.arredojolly.com\/fr\/wp-json\/wp\/v2\/media?parent=7991"}],"curies":[{"name":"wp","href":"https:\/\/api.w.org\/{rel}","templated":true}]}}